{"id":18104,"date":"2023-11-10T10:02:48","date_gmt":"2023-11-10T09:02:48","guid":{"rendered":"https:\/\/www.mariafelix.org\/pensamientos\/"},"modified":"2023-11-14T21:13:04","modified_gmt":"2023-11-14T20:13:04","slug":"thoughts","status":"publish","type":"page","link":"https:\/\/www.mariafelix.org\/en\/thoughts\/","title":{"rendered":"THOUGHTS"},"content":{"rendered":"<p>[et_pb_section fb_built=&#8221;1&#8243; fullwidth=&#8221;on&#8221; _builder_version=&#8221;4.22.2&#8243; _module_preset=&#8221;2ce0b7bd-dbb5-4adc-bc83-1100f73502ab&#8221; da_disable_devices=&#8221;off|off|off&#8221; global_colors_info=&#8221;{}&#8221; da_is_popup=&#8221;off&#8221; da_exit_intent=&#8221;off&#8221; da_has_close=&#8221;on&#8221; da_alt_close=&#8221;off&#8221; da_dark_close=&#8221;off&#8221; da_not_modal=&#8221;on&#8221; da_is_singular=&#8221;off&#8221; da_with_loader=&#8221;off&#8221; da_has_shadow=&#8221;on&#8221;][et_pb_fullwidth_slider _builder_version=&#8221;4.23.1&#8243; _module_preset=&#8221;2659e1a5-1f37-4be7-8a70-752039ee73cd&#8221; global_colors_info=&#8221;{}&#8221;][et_pb_slide _builder_version=&#8221;4.23.1&#8243; _module_preset=&#8221;default&#8221; background_image=&#8221;https:\/\/www.mariafelix.org\/wp-content\/uploads\/2023\/11\/image-44.jpeg&#8221; background_enable_image=&#8221;on&#8221; global_colors_info=&#8221;{}&#8221; sticky_transition=&#8221;on&#8221;][\/et_pb_slide][\/et_pb_fullwidth_slider][\/et_pb_section][et_pb_section fb_built=&#8221;1&#8243; admin_label=&#8221;Section&#8221; module_id=&#8221;sectionPorQueMater&#8221; _builder_version=&#8221;4.22.2&#8243; _module_preset=&#8221;f4623393-45eb-49e1-bafe-b8affb231e4d&#8221; da_popup_slug=&#8221;sectionPorQueMater&#8221; da_disable_devices=&#8221;off|off|off&#8221; global_colors_info=&#8221;{}&#8221; da_is_popup=&#8221;off&#8221; da_exit_intent=&#8221;off&#8221; da_has_close=&#8221;on&#8221; da_alt_close=&#8221;off&#8221; da_dark_close=&#8221;off&#8221; da_not_modal=&#8221;on&#8221; da_is_singular=&#8221;off&#8221; da_with_loader=&#8221;off&#8221; da_has_shadow=&#8221;on&#8221;][et_pb_row column_structure=&#8221;1_4,1_2,1_4&#8243; use_custom_gutter=&#8221;on&#8221; gutter_width=&#8221;1&#8243; make_equal=&#8221;on&#8221; _builder_version=&#8221;4.23.1&#8243; _module_preset=&#8221;default&#8221; custom_margin=&#8221;||||false|false&#8221; custom_padding=&#8221;0px|0px|0px|0px|false|false&#8221; global_colors_info=&#8221;{}&#8221;][et_pb_column type=&#8221;1_4&#8243; _builder_version=&#8221;4.16&#8243; _module_preset=&#8221;default&#8221; custom_padding=&#8221;|20px||30px|false|false&#8221; global_colors_info=&#8221;{}&#8221;][et_pb_text module_class=&#8221;tituloPaginaVerde tipo-peque&#8221; _builder_version=&#8221;4.23.1&#8243; _dynamic_attributes=&#8221;content&#8221; _module_preset=&#8221;ecb607dd-d36f-4b0d-a6f8-239bd01a7812&#8243; text_font_size=&#8221;31px&#8221; text_line_height=&#8221;1.1em&#8221; background_color=&#8221;gcid-5932d176-2d77-4fca-a72d-b55e423a0cb1&#8243; custom_padding=&#8221;90px||||false|false&#8221; global_colors_info=&#8221;{%22gcid-5932d176-2d77-4fca-a72d-b55e423a0cb1%22:%91%22background_color%22%93}&#8221;]@ET-DC@eyJkeW5hbWljIjp0cnVlLCJjb250ZW50IjoicG9zdF90aXRsZSIsInNldHRpbmdzIjp7ImJlZm9yZSI6IiIsImFmdGVyIjoiIn19@[\/et_pb_text][\/et_pb_column][et_pb_column type=&#8221;1_2&#8243; module_class=&#8221;colTextPorQueMater&#8221; _builder_version=&#8221;4.23.1&#8243; _module_preset=&#8221;default&#8221; background_color=&#8221;#efefef&#8221; custom_padding=&#8221;||||false|false&#8221; global_colors_info=&#8221;{}&#8221;][et_pb_text _builder_version=&#8221;4.23.1&#8243; _module_preset=&#8221;bd03c851-a360-40e7-b4d0-135f58a7a312&#8243; custom_margin=&#8221;||||false|false&#8221; hover_enabled=&#8221;0&#8243; global_colors_info=&#8221;{}&#8221; sticky_enabled=&#8221;0&#8243;]<\/p>\n<p><em>This is the secret of my spiritual rejoicing: I have surrendered myself to the service of the greater glory of God; nothing can happen that does not result in its benefit.<\/em><span>\u00a0(Autobiographical writings, 1940)<\/span><\/p>\n<p><em>Intensely attracted by the infinite goodness and sweetness of Christ. I have to wear Christ, or better yet, I have to identify with Christ and to be one with Him. Where did Christ&#8217;s serenity, his kindness, his sweetness, his luminosity come from? From his union with the Father, from his constant and intimate vision of Him. If I want to become Christ, to be another Christ and to show Him to the world, I must strive to live in the divine presence.<\/em><span>\u00a0(Writings of conscience, 1963)<\/span><\/p>\n<p><em>While writing<span>\u00a0<\/span><i>Savior<\/i>, to contemplate my Lord crucified, and all my soul eleves in the supreme desire of being nailed to the Cross for Him and with Him, so that diying to myself and living in Him the whole Company lives in Him.<span>\u00a0<\/span><\/em><span>(Autobiographical writings, 1943)<\/span><\/p>\n<p>[\/et_pb_text][\/et_pb_column][et_pb_column type=&#8221;1_4&#8243; _builder_version=&#8221;4.16&#8243; _module_preset=&#8221;default&#8221; custom_padding=&#8221;|30px||20px|false|false&#8221; global_colors_info=&#8221;{}&#8221;][et_pb_image src=&#8221;https:\/\/www.mariafelix.org\/wp-content\/uploads\/2023\/11\/image-42-scaled.jpeg&#8221; title_text=&#8221;image&#8221; _builder_version=&#8221;4.23.1&#8243; _module_preset=&#8221;default&#8221; global_colors_info=&#8221;{}&#8221;][\/et_pb_image][\/et_pb_column][\/et_pb_row][et_pb_row column_structure=&#8221;1_2,1_2&#8243; use_custom_gutter=&#8221;on&#8221; gutter_width=&#8221;1&#8243; make_equal=&#8221;on&#8221; _builder_version=&#8221;4.23.1&#8243; _module_preset=&#8221;default&#8221; custom_padding=&#8221;20px|30px|0px|0px|false|false&#8221; global_colors_info=&#8221;{}&#8221;][et_pb_column type=&#8221;1_2&#8243; _builder_version=&#8221;4.16&#8243; _module_preset=&#8221;default&#8221; custom_padding=&#8221;|20px||30px|false|false&#8221; global_colors_info=&#8221;{}&#8221;][et_pb_image src=&#8221;https:\/\/www.mariafelix.org\/wp-content\/uploads\/2023\/11\/image-43.jpeg&#8221; title_text=&#8221;image&#8221; _builder_version=&#8221;4.23.1&#8243; _module_preset=&#8221;default&#8221; global_colors_info=&#8221;{}&#8221;][\/et_pb_image][\/et_pb_column][et_pb_column type=&#8221;1_2&#8243; module_class=&#8221;colTextPorQueMater&#8221; _builder_version=&#8221;4.23.1&#8243; _module_preset=&#8221;default&#8221; background_color=&#8221;#efefef&#8221; custom_padding=&#8221;0px|0px||0px|false|false&#8221; global_colors_info=&#8221;{}&#8221;][et_pb_text _builder_version=&#8221;4.23.1&#8243; _module_preset=&#8221;bd03c851-a360-40e7-b4d0-135f58a7a312&#8243; hover_enabled=&#8221;0&#8243; global_colors_info=&#8221;{}&#8221; sticky_enabled=&#8221;0&#8243;]<\/p>\n<div class=\"tabla\">\n<p class=\"celda\"><em>The Church is the work of Jesus Christ, my Lord. It is the work of the ones I love, and a thousand lives I would give to Her, because She belongs to Jesus.<\/em><span>\u00a0(Writings of conscience, 1941)<\/span><\/p>\n<p><em>I have been created to save and sanctify souls. Oh how this thought inflames me! &#8230; If I save souls, I cooperate with the work of God, I act as mediator between God and men; Jesus\u2019s companion; like another Christ. What a high of vocation! &#8230; To be faithful to Her, not to disappoint my Lord: death to all disorderly affections and a life of intimate unity with God! &#8230;<\/em><span>\u00a0(Spiritual Exercises, 1943)<\/span><\/p>\n<p><em>In the presence of the Father, I only manage to say: I am your daughter! &#8230;<\/em><span>\u00a0(Spiritual Exercises, 1948)<\/span><\/p>\n<p><em>My deed will be effective if I am holy, and that I will be, if I live united with God and committed to His will. Regardless of health or illness, ordering or obeying, poverty or wealth, short or long life. What is important is to fulfill the divine will with love.<\/em><span>\u00a0(Spiritual Exercises, 1943)<\/span><\/p>\n<p><em>To ask Mary my attainment of God, through the merits of Jesus Christ, the forgiveness of my sins; and not to commit a single one; to cleanse my soul, so that in union with Her I can say to my Lord:<span>\u00a0<\/span><i>I would like to help you save souls and I would like to consume myself in your love<\/i>.<\/em><span>\u00a0(Writings of conscience, 1945)<\/span><\/p>\n<\/div>\n<p>[\/et_pb_text][\/et_pb_column][\/et_pb_row][\/et_pb_section]<\/p>\n","protected":false},"excerpt":{"rendered":"<p>This is the secret of my spiritual rejoicing: I have surrendered myself to the service of the greater glory of God; nothing can happen that does not result in its benefit.\u00a0(Autobiographical writings, 1940) Intensely attracted by the infinite goodness and sweetness of Christ. I have to wear Christ, or better yet, I have to identify [&hellip;]<\/p>\n","protected":false},"author":1,"featured_media":0,"parent":0,"menu_order":0,"comment_status":"closed","ping_status":"closed","template":"","meta":{"_et_pb_use_builder":"on","_et_pb_old_content":"","_et_gb_content_width":"","footnotes":""},"class_list":["post-18104","page","type-page","status-publish","hentry"],"yoast_head":"<!-- This site is optimized with the Yoast SEO plugin v26.8 - https:\/\/yoast.com\/product\/yoast-seo-wordpress\/ -->\n<title>THOUGHTS - Madre Mar\u00eda F\u00e9lix Torres<\/title>\n<meta name=\"robots\" content=\"index, follow, max-snippet:-1, max-image-preview:large, max-video-preview:-1\" \/>\n<link rel=\"canonical\" href=\"https:\/\/www.mariafelix.org\/en\/thoughts\/\" \/>\n<meta property=\"og:locale\" content=\"en_US\" \/>\n<meta property=\"og:type\" content=\"article\" \/>\n<meta property=\"og:title\" content=\"THOUGHTS - Madre Mar\u00eda F\u00e9lix Torres\" \/>\n<meta property=\"og:description\" content=\"This is the secret of my spiritual rejoicing: I have surrendered myself to the service of the greater glory of God; nothing can happen that does not result in its benefit.\u00a0(Autobiographical writings, 1940) Intensely attracted by the infinite goodness and sweetness of Christ. I have to wear Christ, or better yet, I have to identify [&hellip;]\" \/>\n<meta property=\"og:url\" content=\"https:\/\/www.mariafelix.org\/en\/thoughts\/\" \/>\n<meta property=\"og:site_name\" content=\"Madre Mar\u00eda F\u00e9lix Torres\" \/>\n<meta property=\"article:modified_time\" content=\"2023-11-14T20:13:04+00:00\" \/>\n<meta name=\"twitter:card\" content=\"summary_large_image\" \/>\n<meta name=\"twitter:label1\" content=\"Est. reading time\" \/>\n\t<meta name=\"twitter:data1\" content=\"3 minutes\" \/>\n<script type=\"application\/ld+json\" class=\"yoast-schema-graph\">{\"@context\":\"https:\/\/schema.org\",\"@graph\":[{\"@type\":\"WebPage\",\"@id\":\"https:\/\/www.mariafelix.org\/en\/thoughts\/\",\"url\":\"https:\/\/www.mariafelix.org\/en\/thoughts\/\",\"name\":\"THOUGHTS - Madre Mar\u00eda F\u00e9lix Torres\",\"isPartOf\":{\"@id\":\"https:\/\/www.mariafelix.org\/en\/#website\"},\"datePublished\":\"2023-11-10T09:02:48+00:00\",\"dateModified\":\"2023-11-14T20:13:04+00:00\",\"inLanguage\":\"en-US\",\"potentialAction\":[{\"@type\":\"ReadAction\",\"target\":[\"https:\/\/www.mariafelix.org\/en\/thoughts\/\"]}]},{\"@type\":\"WebSite\",\"@id\":\"https:\/\/www.mariafelix.org\/en\/#website\",\"url\":\"https:\/\/www.mariafelix.org\/en\/\",\"name\":\"Madre Mar\u00eda F\u00e9lix Torres\",\"description\":\"Madre Mar\u00eda F\u00e9lix Torres\",\"potentialAction\":[{\"@type\":\"SearchAction\",\"target\":{\"@type\":\"EntryPoint\",\"urlTemplate\":\"https:\/\/www.mariafelix.org\/en\/?s={search_term_string}\"},\"query-input\":{\"@type\":\"PropertyValueSpecification\",\"valueRequired\":true,\"valueName\":\"search_term_string\"}}],\"inLanguage\":\"en-US\"}]}<\/script>\n<!-- \/ Yoast SEO plugin. -->","yoast_head_json":{"title":"THOUGHTS - Madre Mar\u00eda F\u00e9lix Torres","robots":{"index":"index","follow":"follow","max-snippet":"max-snippet:-1","max-image-preview":"max-image-preview:large","max-video-preview":"max-video-preview:-1"},"canonical":"https:\/\/www.mariafelix.org\/en\/thoughts\/","og_locale":"en_US","og_type":"article","og_title":"THOUGHTS - Madre Mar\u00eda F\u00e9lix Torres","og_description":"This is the secret of my spiritual rejoicing: I have surrendered myself to the service of the greater glory of God; nothing can happen that does not result in its benefit.\u00a0(Autobiographical writings, 1940) Intensely attracted by the infinite goodness and sweetness of Christ. I have to wear Christ, or better yet, I have to identify [&hellip;]","og_url":"https:\/\/www.mariafelix.org\/en\/thoughts\/","og_site_name":"Madre Mar\u00eda F\u00e9lix Torres","article_modified_time":"2023-11-14T20:13:04+00:00","twitter_card":"summary_large_image","twitter_misc":{"Est. reading time":"3 minutes"},"schema":{"@context":"https:\/\/schema.org","@graph":[{"@type":"WebPage","@id":"https:\/\/www.mariafelix.org\/en\/thoughts\/","url":"https:\/\/www.mariafelix.org\/en\/thoughts\/","name":"THOUGHTS - Madre Mar\u00eda F\u00e9lix Torres","isPartOf":{"@id":"https:\/\/www.mariafelix.org\/en\/#website"},"datePublished":"2023-11-10T09:02:48+00:00","dateModified":"2023-11-14T20:13:04+00:00","inLanguage":"en-US","potentialAction":[{"@type":"ReadAction","target":["https:\/\/www.mariafelix.org\/en\/thoughts\/"]}]},{"@type":"WebSite","@id":"https:\/\/www.mariafelix.org\/en\/#website","url":"https:\/\/www.mariafelix.org\/en\/","name":"Madre Mar\u00eda F\u00e9lix Torres","description":"Madre Mar\u00eda F\u00e9lix Torres","potentialAction":[{"@type":"SearchAction","target":{"@type":"EntryPoint","urlTemplate":"https:\/\/www.mariafelix.org\/en\/?s={search_term_string}"},"query-input":{"@type":"PropertyValueSpecification","valueRequired":true,"valueName":"search_term_string"}}],"inLanguage":"en-US"}]}},"_links":{"self":[{"href":"https:\/\/www.mariafelix.org\/en\/wp-json\/wp\/v2\/pages\/18104","targetHints":{"allow":["GET"]}}],"collection":[{"href":"https:\/\/www.mariafelix.org\/en\/wp-json\/wp\/v2\/pages"}],"about":[{"href":"https:\/\/www.mariafelix.org\/en\/wp-json\/wp\/v2\/types\/page"}],"author":[{"embeddable":true,"href":"https:\/\/www.mariafelix.org\/en\/wp-json\/wp\/v2\/users\/1"}],"replies":[{"embeddable":true,"href":"https:\/\/www.mariafelix.org\/en\/wp-json\/wp\/v2\/comments?post=18104"}],"version-history":[{"count":7,"href":"https:\/\/www.mariafelix.org\/en\/wp-json\/wp\/v2\/pages\/18104\/revisions"}],"predecessor-version":[{"id":18638,"href":"https:\/\/www.mariafelix.org\/en\/wp-json\/wp\/v2\/pages\/18104\/revisions\/18638"}],"wp:attachment":[{"href":"https:\/\/www.mariafelix.org\/en\/wp-json\/wp\/v2\/media?parent=18104"}],"curies":[{"name":"wp","href":"https:\/\/api.w.org\/{rel}","templated":true}]}}