{"id":18118,"date":"2023-11-09T19:54:06","date_gmt":"2023-11-09T18:54:06","guid":{"rendered":"https:\/\/www.mariafelix.org\/visitar-su-sepultura\/"},"modified":"2023-11-14T20:33:58","modified_gmt":"2023-11-14T19:33:58","slug":"visit-his-grave","status":"publish","type":"page","link":"https:\/\/www.mariafelix.org\/en\/visit-his-grave\/","title":{"rendered":"VISIT HIS\u00a0GRAVE"},"content":{"rendered":"<p>[et_pb_section fb_built=&#8221;1&#8243; fullwidth=&#8221;on&#8221; _builder_version=&#8221;4.22.2&#8243; _module_preset=&#8221;2ce0b7bd-dbb5-4adc-bc83-1100f73502ab&#8221; da_disable_devices=&#8221;off|off|off&#8221; global_colors_info=&#8221;{}&#8221; da_is_popup=&#8221;off&#8221; da_exit_intent=&#8221;off&#8221; da_has_close=&#8221;on&#8221; da_alt_close=&#8221;off&#8221; da_dark_close=&#8221;off&#8221; da_not_modal=&#8221;on&#8221; da_is_singular=&#8221;off&#8221; da_with_loader=&#8221;off&#8221; da_has_shadow=&#8221;on&#8221;][et_pb_fullwidth_slider _builder_version=&#8221;4.23.1&#8243; _module_preset=&#8221;9587e0c8-d8ae-4497-80de-dc6ac7c71289&#8243; global_colors_info=&#8221;{}&#8221;][et_pb_slide _builder_version=&#8221;4.23.1&#8243; _module_preset=&#8221;default&#8221; background_image=&#8221;https:\/\/www.mariafelix.org\/wp-content\/uploads\/2023\/11\/image-26.jpeg&#8221; background_enable_image=&#8221;on&#8221; global_colors_info=&#8221;{}&#8221; sticky_transition=&#8221;on&#8221;][\/et_pb_slide][\/et_pb_fullwidth_slider][\/et_pb_section][et_pb_section fb_built=&#8221;1&#8243; _builder_version=&#8221;4.22.2&#8243; _module_preset=&#8221;c3571faf-1673-4b9f-bf46-f8250e9a3f6a&#8221; da_disable_devices=&#8221;off|off|off&#8221; global_colors_info=&#8221;{}&#8221; da_is_popup=&#8221;off&#8221; da_exit_intent=&#8221;off&#8221; da_has_close=&#8221;on&#8221; da_alt_close=&#8221;off&#8221; da_dark_close=&#8221;off&#8221; da_not_modal=&#8221;on&#8221; da_is_singular=&#8221;off&#8221; da_with_loader=&#8221;off&#8221; da_has_shadow=&#8221;on&#8221;][et_pb_row column_structure=&#8221;1_4,3_4&#8243; _builder_version=&#8221;4.22.2&#8243; _module_preset=&#8221;0b5ba106-5785-489f-ba7b-9fa41143096f&#8221; global_colors_info=&#8221;{}&#8221;][et_pb_column type=&#8221;1_4&#8243; _builder_version=&#8221;4.22.2&#8243; _module_preset=&#8221;824ebbaf-e3b5-4405-acb8-3b2fd9286d17&#8243; global_colors_info=&#8221;{}&#8221;][et_pb_text _builder_version=&#8221;4.23.1&#8243; _dynamic_attributes=&#8221;content&#8221; _module_preset=&#8221;ecb607dd-d36f-4b0d-a6f8-239bd01a7812&#8243; background_color=&#8221;#821b33&#8243; global_colors_info=&#8221;{}&#8221;]@ET-DC@eyJkeW5hbWljIjp0cnVlLCJjb250ZW50IjoicG9zdF90aXRsZSIsInNldHRpbmdzIjp7ImJlZm9yZSI6IiIsImFmdGVyIjoiIn19@[\/et_pb_text][et_pb_image src=&#8221;https:\/\/www.mariafelix.org\/wp-content\/uploads\/2023\/11\/Ermita-Mater-Salvatoris-2-1-scaled-1.jpg&#8221; title_text=&#8221;Ermita-Mater-Salvatoris-2-1-scaled&#8221; _builder_version=&#8221;4.23.1&#8243; _module_preset=&#8221;78b8f189-3fc7-40bb-b902-2ab30819502b&#8221; global_colors_info=&#8221;{}&#8221;][\/et_pb_image][et_pb_image src=&#8221;https:\/\/www.mariafelix.org\/wp-content\/uploads\/2023\/11\/IMG_6786-scaled-1.jpg&#8221; title_text=&#8221;IMG_6786-scaled&#8221; _builder_version=&#8221;4.23.1&#8243; _module_preset=&#8221;78b8f189-3fc7-40bb-b902-2ab30819502b&#8221; global_colors_info=&#8221;{}&#8221;][\/et_pb_image][\/et_pb_column][et_pb_column type=&#8221;3_4&#8243; _builder_version=&#8221;4.22.2&#8243; _module_preset=&#8221;fec2c85f-4b95-4256-bb6d-4b28d4ff7161&#8243; global_colors_info=&#8221;{}&#8221;][et_pb_text _builder_version=&#8221;4.23.1&#8243; _module_preset=&#8221;20504ce9-00fc-4f70-97e5-cb8f521d8155&#8243; global_colors_info=&#8221;{}&#8221;]<\/p>\n<p>On January 12, 2021, the 20th anniversary of her death, Mother F\u00e9lix returned to Madrid.<\/p>\n<p>As of now, <strong>her mortal remains rest in the Ermida Mater Salvatoris<\/strong>, in the Casa Geral e de Treinamento da Companhia do Salvador.<\/p>\n<p>Here you will find information of interest to visit the Hermitage and pray at the M\u00e3e burial mound.<\/p>\n<p>[\/et_pb_text][et_pb_tabs _builder_version=&#8221;4.23.1&#8243; _module_preset=&#8221;eab9c4f8-6512-4325-9aa9-616f239cc977&#8243; hover_enabled=&#8221;0&#8243; global_colors_info=&#8221;%91%93&#8243; sticky_enabled=&#8221;0&#8243;][et_pb_tab title=&#8221;The Hermitage&#8221; _builder_version=&#8221;4.23.1&#8243; _module_preset=&#8221;baef46e7-81cc-46cc-8c41-03b4db9f0978&#8243; hover_enabled=&#8221;0&#8243; global_colors_info=&#8221;{}&#8221; sticky_enabled=&#8221;0&#8243;]<\/p>\n<p><strong>THE MATER SALVATORIS HERMITAGE<\/strong><\/p>\n<p>The Mater Salvatoris Hermitage, where the remains of Mother Mar\u00eda F\u00e9lix rest, is a place of peace and prayer for the intentions of the Church throughout the world.<\/p>\n<p>The image of the Virgin that, together with the cross, presides over the presbytery, remembers the two great loves of Mother Felix: Jesus Christ and the souls, whom she wanted to place in all schools under the maternal protection of the Mother of the Savior.<\/p>\n<p><img loading=\"lazy\" decoding=\"async\" src=\"https:\/\/www.mariafelix.org\/wp-content\/uploads\/2023\/11\/image-27.jpeg\" width=\"300\" height=\"200\" alt=\"\" class=\"wp-image-17783 alignnone size-full\" style=\"float: right; margin-left: 40px; margin-bottom: 40px;\" \/>The horizon of the Madrid mountains \u2013 in the background \u2013 recalls the deep gaze of the Mother&#8217;s heart, who wrote in 1950: <em>Driven by Jesus, I dare to offer what remains of my life and my death, united with the agony and death of my most adorable Lord, to save souls, so that sanctifying grace may be poured out in the world, so that the Heavenly Father may be greatly glorified.<\/em><\/p>\n<p>We trust that these wishes, which found fulfillment in her, will also be fulfilled in the devotees who come to pray next to the Mother&#8217;s tomb. The nuns will <a href=\"\/en\/ask-for-prayers\/\">accompany them with their prayer<\/a>.<\/p>\n<p>[\/et_pb_tab][et_pb_tab title=&#8221;Where?&#8221; _builder_version=&#8221;4.23.1&#8243; _module_preset=&#8221;baef46e7-81cc-46cc-8c41-03b4db9f0978&#8243; hover_enabled=&#8221;0&#8243; global_colors_info=&#8221;{}&#8221; sticky_enabled=&#8221;0&#8243;]<\/p>\n<p><iframe src=\"https:\/\/www.google.com\/maps\/embed?pb=!1m14!1m8!1m3!1d48566.89314776181!2d-3.772752!3d40.465733!3m2!1i1024!2i768!4f13.1!3m3!1m2!1s0xd4187c193387735%3A0xbd6b92d113e62ca3!2sErmita%20Mater%20Salvatoris!5e0!3m2!1ses!2sus!4v1699556728303!5m2!1ses!2sus\" width=\"100%\" height=\"600\" style=\"border: 0;\" allowfullscreen=\"\" loading=\"lazy\" referrerpolicy=\"no-referrer-when-downgrade\"><\/iframe><\/p>\n<p>[\/et_pb_tab][et_pb_tab title=&#8221;When?&#8221; _builder_version=&#8221;4.23.1&#8243; _module_preset=&#8221;baef46e7-81cc-46cc-8c41-03b4db9f0978&#8243; hover_enabled=&#8221;0&#8243; global_colors_info=&#8221;{}&#8221; sticky_enabled=&#8221;0&#8243;]<\/p>\n<p><img loading=\"lazy\" decoding=\"async\" src=\"https:\/\/www.mariafelix.org\/wp-content\/uploads\/2023\/11\/image-28.jpeg\" width=\"724\" height=\"1024\" alt=\"\" class=\"wp-image-17792 size-full\" style=\"display: block; margin-left: auto; margin-right: auto;\" srcset=\"https:\/\/www.mariafelix.org\/wp-content\/uploads\/2023\/11\/image-28.jpeg 724w, https:\/\/www.mariafelix.org\/wp-content\/uploads\/2023\/11\/image-28-480x679.jpeg 480w\" sizes=\"(min-width: 0px) and (max-width: 480px) 480px, (min-width: 481px) 724px, 100vw\" \/><\/p>\n<p>[\/et_pb_tab][et_pb_tab title=&#8221;Adoration at the MS Hermitage&#8221; _builder_version=&#8221;4.23.1&#8243; _module_preset=&#8221;default&#8221; hover_enabled=&#8221;0&#8243; global_colors_info=&#8221;{}&#8221; sticky_enabled=&#8221;0&#8243;]<\/p>\n<p><strong>CENTENARY OF THE VOCATION OF MOTHER F\u00c9LIX 1922-2022<\/strong><\/p>\n<p><img loading=\"lazy\" decoding=\"async\" src=\"https:\/\/www.mariafelix.org\/wp-content\/uploads\/2023\/11\/image-29.jpeg\" width=\"300\" height=\"300\" alt=\"\" class=\"wp-image-17796 alignnone size-full\" style=\"float: right; margin-left: 40px; margin-bottom: 40px;\" srcset=\"https:\/\/www.mariafelix.org\/wp-content\/uploads\/2023\/11\/image-29.jpeg 300w, https:\/\/www.mariafelix.org\/wp-content\/uploads\/2023\/11\/image-29-150x150.jpeg 150w\" sizes=\"(max-width: 300px) 100vw, 300px\" \/>On Holy Thursday of 1922 Mar\u00eda F\u00e9lix received a great grace: she encountered the living Jesus Christ in the Eucharist, who loved her, and she offered herself to Him forever. She was 15 years old and she could write: &#8220;From that very happy day I am yours fully and consciously, forever.&#8221;<\/p>\n<p>To celebrate the centenary of her vocation, her Blessed Sacrament will be exhibited every 12th day of the 2021-2022 academic year in the Mater Salvatoris Hermitage from 2:30 p.m. to 9:30 p.m.<\/p>\n<p><strong>To sign up for the half-hour worship sessions, you can fill out<\/strong> <a href=\"https:\/\/forms.gle\/K71kBLdPHKDXtywa9\" target=\"_blank\" rel=\"noopener\">the following form<\/a>.<\/p>\n<p>[\/et_pb_tab][\/et_pb_tabs][\/et_pb_column][\/et_pb_row][\/et_pb_section]<\/p>\n","protected":false},"excerpt":{"rendered":"<p>On January 12, 2021, the 20th anniversary of her death, Mother F\u00e9lix returned to Madrid. As of now, her mortal remains rest in the Ermida Mater Salvatoris, in the Casa Geral e de Treinamento da Companhia do Salvador. Here you will find information of interest to visit the Hermitage and pray at the M\u00e3e burial [&hellip;]<\/p>\n","protected":false},"author":1,"featured_media":0,"parent":0,"menu_order":0,"comment_status":"closed","ping_status":"closed","template":"","meta":{"_et_pb_use_builder":"on","_et_pb_old_content":"","_et_gb_content_width":"","footnotes":""},"class_list":["post-18118","page","type-page","status-publish","hentry"],"yoast_head":"<!-- This site is optimized with the Yoast SEO plugin v26.8 - https:\/\/yoast.com\/product\/yoast-seo-wordpress\/ -->\n<title>VISIT HIS\u00a0GRAVE - Madre Mar\u00eda F\u00e9lix Torres<\/title>\n<meta name=\"robots\" content=\"index, follow, max-snippet:-1, max-image-preview:large, max-video-preview:-1\" \/>\n<link rel=\"canonical\" href=\"https:\/\/www.mariafelix.org\/en\/visit-his-grave\/\" \/>\n<meta property=\"og:locale\" content=\"en_US\" \/>\n<meta property=\"og:type\" content=\"article\" \/>\n<meta property=\"og:title\" content=\"VISIT HIS\u00a0GRAVE - Madre Mar\u00eda F\u00e9lix Torres\" \/>\n<meta property=\"og:description\" content=\"On January 12, 2021, the 20th anniversary of her death, Mother F\u00e9lix returned to Madrid. As of now, her mortal remains rest in the Ermida Mater Salvatoris, in the Casa Geral e de Treinamento da Companhia do Salvador. Here you will find information of interest to visit the Hermitage and pray at the M\u00e3e burial [&hellip;]\" \/>\n<meta property=\"og:url\" content=\"https:\/\/www.mariafelix.org\/en\/visit-his-grave\/\" \/>\n<meta property=\"og:site_name\" content=\"Madre Mar\u00eda F\u00e9lix Torres\" \/>\n<meta property=\"article:modified_time\" content=\"2023-11-14T19:33:58+00:00\" \/>\n<meta property=\"og:image\" content=\"https:\/\/www.mariafelix.org\/wp-content\/uploads\/2023\/11\/image-27.jpeg\" \/>\n<meta name=\"twitter:card\" content=\"summary_large_image\" \/>\n<meta name=\"twitter:label1\" content=\"Est. reading time\" \/>\n\t<meta name=\"twitter:data1\" content=\"3 minutes\" \/>\n<script type=\"application\/ld+json\" class=\"yoast-schema-graph\">{\"@context\":\"https:\/\/schema.org\",\"@graph\":[{\"@type\":\"WebPage\",\"@id\":\"https:\/\/www.mariafelix.org\/en\/visit-his-grave\/\",\"url\":\"https:\/\/www.mariafelix.org\/en\/visit-his-grave\/\",\"name\":\"VISIT HIS\u00a0GRAVE - Madre Mar\u00eda F\u00e9lix Torres\",\"isPartOf\":{\"@id\":\"https:\/\/www.mariafelix.org\/en\/#website\"},\"primaryImageOfPage\":{\"@id\":\"https:\/\/www.mariafelix.org\/en\/visit-his-grave\/#primaryimage\"},\"image\":{\"@id\":\"https:\/\/www.mariafelix.org\/en\/visit-his-grave\/#primaryimage\"},\"thumbnailUrl\":\"https:\/\/www.mariafelix.org\/wp-content\/uploads\/2023\/11\/image-27.jpeg\",\"datePublished\":\"2023-11-09T18:54:06+00:00\",\"dateModified\":\"2023-11-14T19:33:58+00:00\",\"inLanguage\":\"en-US\",\"potentialAction\":[{\"@type\":\"ReadAction\",\"target\":[\"https:\/\/www.mariafelix.org\/en\/visit-his-grave\/\"]}]},{\"@type\":\"ImageObject\",\"inLanguage\":\"en-US\",\"@id\":\"https:\/\/www.mariafelix.org\/en\/visit-his-grave\/#primaryimage\",\"url\":\"https:\/\/www.mariafelix.org\/wp-content\/uploads\/2023\/11\/image-27.jpeg\",\"contentUrl\":\"https:\/\/www.mariafelix.org\/wp-content\/uploads\/2023\/11\/image-27.jpeg\"},{\"@type\":\"WebSite\",\"@id\":\"https:\/\/www.mariafelix.org\/en\/#website\",\"url\":\"https:\/\/www.mariafelix.org\/en\/\",\"name\":\"Madre Mar\u00eda F\u00e9lix Torres\",\"description\":\"Madre Mar\u00eda F\u00e9lix Torres\",\"potentialAction\":[{\"@type\":\"SearchAction\",\"target\":{\"@type\":\"EntryPoint\",\"urlTemplate\":\"https:\/\/www.mariafelix.org\/en\/?s={search_term_string}\"},\"query-input\":{\"@type\":\"PropertyValueSpecification\",\"valueRequired\":true,\"valueName\":\"search_term_string\"}}],\"inLanguage\":\"en-US\"}]}<\/script>\n<!-- \/ Yoast SEO plugin. -->","yoast_head_json":{"title":"VISIT HIS\u00a0GRAVE - Madre Mar\u00eda F\u00e9lix Torres","robots":{"index":"index","follow":"follow","max-snippet":"max-snippet:-1","max-image-preview":"max-image-preview:large","max-video-preview":"max-video-preview:-1"},"canonical":"https:\/\/www.mariafelix.org\/en\/visit-his-grave\/","og_locale":"en_US","og_type":"article","og_title":"VISIT HIS\u00a0GRAVE - Madre Mar\u00eda F\u00e9lix Torres","og_description":"On January 12, 2021, the 20th anniversary of her death, Mother F\u00e9lix returned to Madrid. As of now, her mortal remains rest in the Ermida Mater Salvatoris, in the Casa Geral e de Treinamento da Companhia do Salvador. Here you will find information of interest to visit the Hermitage and pray at the M\u00e3e burial [&hellip;]","og_url":"https:\/\/www.mariafelix.org\/en\/visit-his-grave\/","og_site_name":"Madre Mar\u00eda F\u00e9lix Torres","article_modified_time":"2023-11-14T19:33:58+00:00","og_image":[{"url":"https:\/\/www.mariafelix.org\/wp-content\/uploads\/2023\/11\/image-27.jpeg","type":"","width":"","height":""}],"twitter_card":"summary_large_image","twitter_misc":{"Est. reading time":"3 minutes"},"schema":{"@context":"https:\/\/schema.org","@graph":[{"@type":"WebPage","@id":"https:\/\/www.mariafelix.org\/en\/visit-his-grave\/","url":"https:\/\/www.mariafelix.org\/en\/visit-his-grave\/","name":"VISIT HIS\u00a0GRAVE - Madre Mar\u00eda F\u00e9lix Torres","isPartOf":{"@id":"https:\/\/www.mariafelix.org\/en\/#website"},"primaryImageOfPage":{"@id":"https:\/\/www.mariafelix.org\/en\/visit-his-grave\/#primaryimage"},"image":{"@id":"https:\/\/www.mariafelix.org\/en\/visit-his-grave\/#primaryimage"},"thumbnailUrl":"https:\/\/www.mariafelix.org\/wp-content\/uploads\/2023\/11\/image-27.jpeg","datePublished":"2023-11-09T18:54:06+00:00","dateModified":"2023-11-14T19:33:58+00:00","inLanguage":"en-US","potentialAction":[{"@type":"ReadAction","target":["https:\/\/www.mariafelix.org\/en\/visit-his-grave\/"]}]},{"@type":"ImageObject","inLanguage":"en-US","@id":"https:\/\/www.mariafelix.org\/en\/visit-his-grave\/#primaryimage","url":"https:\/\/www.mariafelix.org\/wp-content\/uploads\/2023\/11\/image-27.jpeg","contentUrl":"https:\/\/www.mariafelix.org\/wp-content\/uploads\/2023\/11\/image-27.jpeg"},{"@type":"WebSite","@id":"https:\/\/www.mariafelix.org\/en\/#website","url":"https:\/\/www.mariafelix.org\/en\/","name":"Madre Mar\u00eda F\u00e9lix Torres","description":"Madre Mar\u00eda F\u00e9lix Torres","potentialAction":[{"@type":"SearchAction","target":{"@type":"EntryPoint","urlTemplate":"https:\/\/www.mariafelix.org\/en\/?s={search_term_string}"},"query-input":{"@type":"PropertyValueSpecification","valueRequired":true,"valueName":"search_term_string"}}],"inLanguage":"en-US"}]}},"_links":{"self":[{"href":"https:\/\/www.mariafelix.org\/en\/wp-json\/wp\/v2\/pages\/18118","targetHints":{"allow":["GET"]}}],"collection":[{"href":"https:\/\/www.mariafelix.org\/en\/wp-json\/wp\/v2\/pages"}],"about":[{"href":"https:\/\/www.mariafelix.org\/en\/wp-json\/wp\/v2\/types\/page"}],"author":[{"embeddable":true,"href":"https:\/\/www.mariafelix.org\/en\/wp-json\/wp\/v2\/users\/1"}],"replies":[{"embeddable":true,"href":"https:\/\/www.mariafelix.org\/en\/wp-json\/wp\/v2\/comments?post=18118"}],"version-history":[{"count":8,"href":"https:\/\/www.mariafelix.org\/en\/wp-json\/wp\/v2\/pages\/18118\/revisions"}],"predecessor-version":[{"id":18588,"href":"https:\/\/www.mariafelix.org\/en\/wp-json\/wp\/v2\/pages\/18118\/revisions\/18588"}],"wp:attachment":[{"href":"https:\/\/www.mariafelix.org\/en\/wp-json\/wp\/v2\/media?parent=18118"}],"curies":[{"name":"wp","href":"https:\/\/api.w.org\/{rel}","templated":true}]}}