{"id":18188,"date":"2023-11-08T20:14:59","date_gmt":"2023-11-08T19:14:59","guid":{"rendered":"https:\/\/www.mariafelix.org\/biografia-italiano\/"},"modified":"2023-11-14T13:54:45","modified_gmt":"2023-11-14T12:54:45","slug":"biografia-italiano","status":"publish","type":"page","link":"https:\/\/www.mariafelix.org\/en\/biografia-italiano\/","title":{"rendered":"BIOGRAFIA (ITALIANO)"},"content":{"rendered":"<p>[et_pb_section fb_built=&#8221;1&#8243; fullwidth=&#8221;on&#8221; _builder_version=&#8221;4.22.2&#8243; _module_preset=&#8221;2ce0b7bd-dbb5-4adc-bc83-1100f73502ab&#8221; da_disable_devices=&#8221;off|off|off&#8221; global_colors_info=&#8221;{}&#8221; da_is_popup=&#8221;off&#8221; da_exit_intent=&#8221;off&#8221; da_has_close=&#8221;on&#8221; da_alt_close=&#8221;off&#8221; da_dark_close=&#8221;off&#8221; da_not_modal=&#8221;on&#8221; da_is_singular=&#8221;off&#8221; da_with_loader=&#8221;off&#8221; da_has_shadow=&#8221;on&#8221;][et_pb_fullwidth_slider _builder_version=&#8221;4.23.1&#8243; _module_preset=&#8221;9587e0c8-d8ae-4497-80de-dc6ac7c71289&#8243; global_colors_info=&#8221;{}&#8221;][et_pb_slide _builder_version=&#8221;4.23.1&#8243; _module_preset=&#8221;default&#8221; background_image=&#8221;https:\/\/www.mariafelix.org\/wp-content\/uploads\/2023\/11\/image-10.jpeg&#8221; background_enable_image=&#8221;on&#8221; global_colors_info=&#8221;{}&#8221; sticky_transition=&#8221;on&#8221;][\/et_pb_slide][\/et_pb_fullwidth_slider][\/et_pb_section][et_pb_section fb_built=&#8221;1&#8243; _builder_version=&#8221;4.22.2&#8243; _module_preset=&#8221;c3571faf-1673-4b9f-bf46-f8250e9a3f6a&#8221; da_disable_devices=&#8221;off|off|off&#8221; global_colors_info=&#8221;{}&#8221; da_is_popup=&#8221;off&#8221; da_exit_intent=&#8221;off&#8221; da_has_close=&#8221;on&#8221; da_alt_close=&#8221;off&#8221; da_dark_close=&#8221;off&#8221; da_not_modal=&#8221;on&#8221; da_is_singular=&#8221;off&#8221; da_with_loader=&#8221;off&#8221; da_has_shadow=&#8221;on&#8221;][et_pb_row column_structure=&#8221;1_4,3_4&#8243; _builder_version=&#8221;4.22.2&#8243; _module_preset=&#8221;0b5ba106-5785-489f-ba7b-9fa41143096f&#8221; global_colors_info=&#8221;{}&#8221;][et_pb_column type=&#8221;1_4&#8243; _builder_version=&#8221;4.22.2&#8243; _module_preset=&#8221;824ebbaf-e3b5-4405-acb8-3b2fd9286d17&#8243; global_colors_info=&#8221;{}&#8221;][et_pb_text _builder_version=&#8221;4.23.1&#8243; _module_preset=&#8221;ecb607dd-d36f-4b0d-a6f8-239bd01a7812&#8243; background_color=&#8221;#821b33&#8243; hover_enabled=&#8221;0&#8243; global_colors_info=&#8221;{}&#8221; sticky_enabled=&#8221;0&#8243;]BIOGRAFIA[\/et_pb_text][et_pb_image src=&#8221;https:\/\/www.mariafelix.org\/wp-content\/uploads\/2023\/11\/image-2.png&#8221; title_text=&#8221;image&#8221; _builder_version=&#8221;4.23.1&#8243; _module_preset=&#8221;78b8f189-3fc7-40bb-b902-2ab30819502b&#8221; global_colors_info=&#8221;{}&#8221;][\/et_pb_image][\/et_pb_column][et_pb_column type=&#8221;3_4&#8243; _builder_version=&#8221;4.22.2&#8243; _module_preset=&#8221;fec2c85f-4b95-4256-bb6d-4b28d4ff7161&#8243; global_colors_info=&#8221;{}&#8221;][et_pb_text _builder_version=&#8221;4.23.1&#8243; _module_preset=&#8221;20504ce9-00fc-4f70-97e5-cb8f521d8155&#8243; global_colors_info=&#8221;{}&#8221;]<\/p>\n<p>I suoi genitori, l\u2019ingegnere Ram\u00f3n F\u00e9lix Surigu\u00e9 e Florentina Torres Fum\u00e1s, vogliono che riceva una buona formazione nell\u2019amore ai valori tradizionali.\u00a0 Quindi, nel 1921 parte a L\u00e9rida per finire i tre ultimi anni scolastici del Liceo, vivendo nel frattempo interna nella Scuola della Compagnia di Maria.<\/p>\n<p>Nella Settimana Santa del 1922,<strong> a l\u2019et\u00e0 di 14 anni, fa per prima volta gli Esercizi Spirituali secondo il metodo di Sant\u2019Ignazio di Loyola e sente vivamente la chiamata di Dio<\/strong> per consacrarsi a Egli, come la Serva di Dio rivela nei suoi scritti autobiografici: \u201cCon piena conoscenza, con una straordinaria luce di quello che facevo, irresistibile e dolcissimamente attirata dal Signore, mi offr\u00ec a Egli per sempre\u2026 <strong>Sono sua piena e consapevolmente per sempre.<\/strong>\u201d I suoi genitori si oppongono fortemente ad una vocazione che non capiscano e decidono tirarla fuori della Scuola e proibirla qualche contatto con suore. Pi\u00f9 avanti, capendo la firmeza della sua figlia, decidono con ella che soltanto daranno il suo permesso per potere fare l\u00b4entrata nel noviziato dopo finire gli studi universitari.<\/p>\n<p>I suoi anni universitari sono caratterizzati per l\u2019ardore apostolico. A Barcelona, dove comincia gli studi di Medicina, diviene la prima delegata della giovent\u00f9 universitaria femminile di Azione Cattolica, dove ella ebbe l\u2019occasione di approfondire nella spiritualit\u00e0 ignaziana per la formazione ricevuta del suo confessore, Padre Ram\u00f3n Orlandis, S.J., fondatore di <em>Schola Cordis Iesu<\/em>. Ma fu soprattutto nei cinque anni trascorsi a Zaragoza quando la sua anima diventa apostolo. Col entusiasmo dei giovani, portata da una intensa vita di orazione, Mar\u00eda partecipa in tutte le opere di assistenza sociale.<\/p>\n<p><strong>Nel 1930 diviene una delle prime donne spagnole chi ottiene la laurea in Chimica all\u2019Universit\u00e0 di Zaragoza. <\/strong>Dopo consegue un posto come professoressa all\u2019Istituto di Istruzione Secondaria di L\u00e9rida.<\/p>\n<p>Il 31 luglio 1932 riceve il primo sentimento interno divino della sua vocazione specifica: la chiamata sentita durante gli Esercizi, e maturata nel percorso degli anni di studio, si concreta in una spiritualit\u00e0 profondamente ignaziana, la propria della Compagnia del Salvatore. Le circostanze storiche spagnole \u2013l\u2019anticlericalismo nei tempi della Repubblica, che pretendeva esaurire le scuole della Chiesa- fanno a <strong>Mar\u00eda scoprire il suo campo concreto di apostolato: la giovent\u00f9, specialmente l\u2019universitaria, in cui essere \u201cl\u2019apostolo delle intelligenze assetate d\u2019amore, di verit\u00e0 e di forza\u201d. <\/strong>In mezzo di molte difficolt\u00e0 economiche, apre in L\u00e9rida una piccola scuola, la \u201cAcademia Nueva\u201d (Accademia Nova). Il 15 agosto del 1934, insieme la sua prima collaboratrice ed amica, Carmen Aige, fa un voto privato di consumare la sua vita in beneficio dell\u00b4anime e servizio alla Chiesa, seguendo lo spirito di Sant\u2019Ignazio di Loyola. L\u2019anno dopo se ne va a Madrid per fare gli studi di dottorato di ricerca nell\u2019Universit\u00e0 Centrale, ma le circostanze politiche ed sociale spagnole di quel momento obbligano a Maria a ritornare con la sua famiglia pochi giorni prima di cominciare la Guerra Civile (luglio 1936).<\/p>\n<p>La Guerra Civile spagnola supposse un obbligato parentesi nella ricerca della sua vocazione. Durante il conflitto, ella partecipa attivamente nell\u2019aiuto a sacerdoti perseguitati per l\u2019odio alla fede. Con pericolo della sua vita, porta l\u2019Ostia consacrata per le strade di Barcelona, per distribuirla con grande riverenza ai cattolici nascosti, affinch\u00e9 loro potessero mantenere la sua vita spirituale con l\u2019ausilio dei sacramenti. Finita la Guerra, dopo un processo di discernimento marcato dagli Esercizi di Sant\u2019Ignazio, quel gruppo di giovane universitarie si riunisce il 15 agosto 1940 per rinnovare con voti la sua donazione al Signore.<\/p>\n<p>Il 11 ottobre 1940, data in cui si celebrava la festa di Santa Maria Madre di Dio, loro ricevono l\u2019autorizzazione dell\u2019Amministratore Apostolico per vivere in comunit\u00e0. Nel 1944, D. Gregorio Modrego Cas\u00e1us, Vescovo di Barcelona, erige la Pia Unione Compagnia del Salvatore, ed approva le sue prime Costituzioni.<\/p>\n<p><strong>Fra poco cominciano le fondazione di nuove case religiose ed scuole nella Spagna<\/strong>: dopo la residenza universitaria che poi diverr\u00e0 nel primo Collegio Universitario femminile di Barcelona, seguono le Scuole \u201cMater Salvatoris\u201d di L\u00e9rida e Madrid, ed anche la Casa di Mota del Marqu\u00e9s (Valladolid). Nel 1952, la Compagnia del Salvatore \u00e8 approvata come Congregazione Religiosa di diritto diocesano e la Madre Mar\u00eda F\u00e9lix si preoccupa di trasmettere a tutte le sue figlie il carisma che Dio l\u2019aveva concesso: amore e devozione al Cuore di Ges\u00f9 ed alla Beata Vergine Maria, adesione filiale al Papa, secondo lo spirito ignaziano (le suore della Compagnia del Salvatore fanno un quarto voto di speciale obbedienza al Santo Padre) ed un ardente fervore apostolico per formare giovane genuinamente cattoliche che possano incidere nella societ\u00e0 in cui\u00a0 vivono.<\/p>\n<p><strong>Il desiderio di portare Ges\u00f9 a tutte le giovane fa che Madre Mar\u00eda F\u00e9lix cominci a fondare Case ed Scuole fuori della Spagna<\/strong>: le Scuole \u201cMater Salvatoris\u201d di Caracas e Maracaibo; le fondazioni temporanee di Tamare (Venezuela) e Cerro Chato (Uruguay); la Casa di Bridgeport (USA), e la Scuola \u201cMater Salvatoris\u201d di Puerto Rico.<\/p>\n<p><strong>Nel 1965 Madre Mar\u00eda F\u00e9lix soffre un\u2019embolia cerebrale e deve imparare di nuovo a leggere ed a scrivere.<\/strong> Vive profondamente il \u201cSentire de la Chiesa\u201d, caratteristico della spiritualit\u00e0 ignaziana. Nella sua funzione di Superiora Generale, segue le indicazioni del Concilio Vaticano II sulla necessaria rinnovazione della vita religiosa, dall\u2019amore e dalla fedelt\u00e0 a Cristo ed alla Chiesa.<\/p>\n<p><strong>Nel 1986, la Compagnia del Salvatore, gi\u00e0 presente nella Spagna, Venezuela e gli Stati Uniti, \u00e8 approvata dalla Santa Sede come Istituto Religioso di diritto pontificio.<\/strong><\/p>\n<p>Gli ultimi anni della vita di Madre Mar\u00eda F\u00e9lix trascorrono di maniera ogni volta pi\u00f9 silenziosa. All\u2019alba del 12 gennaio di 2001 consegna il suo spirito a Dio, all\u2019et\u00e0 di 93 anni. <strong>Quando \u00e8 saputo il suo decesso, centinaia di persone accorrono per velare il suo cadavere e tra poco sono conosciuti i primi casi di favori attribuiti alla sua intercessione.<\/strong> Presto, la sua fama di santit\u00e0 comincia a diffondersi, laonde l\u2019Arcivescovo di Madrid da inizio alla Causa di Canonizzazione della Serva di Dio il 24 gennaio di 2009. <strong><span lang=\"it\">\u00a0Il 10 luglio 2020 Papa Francesco ha autorizzato la Congregazione per le Cause dei Santi a promulgare il decreto delle virt\u00f9 eroiche, dichiarandola Venerabile.\u00a0<\/span><\/strong><\/p>\n<p><span lang=\"it\">Da questo momento la nostra Chiesa Madre conferma che in lei si \u00e8 visto un esercizio straordinario di tutte le virt\u00f9 cristiane. Con lo studio e l\u2019approvazione di un miracolo ottenuto per sua intercessione, Madre Mar\u00eda F\u00e9lix potr\u00e0 essere dichiarata Beata e un secondo miracolo aprir\u00e0 la strada alla sua canonizzazione.<\/span><\/p>\n<p>[\/et_pb_text][\/et_pb_column][\/et_pb_row][\/et_pb_section]<\/p>\n","protected":false},"excerpt":{"rendered":"<p>BIOGRAFIAI suoi genitori, l\u2019ingegnere Ram\u00f3n F\u00e9lix Surigu\u00e9 e Florentina Torres Fum\u00e1s, vogliono che riceva una buona formazione nell\u2019amore ai valori tradizionali.\u00a0 Quindi, nel 1921 parte a L\u00e9rida per finire i tre ultimi anni scolastici del Liceo, vivendo nel frattempo interna nella Scuola della Compagnia di Maria. Nella Settimana Santa del 1922, a l\u2019et\u00e0 di 14 [&hellip;]<\/p>\n","protected":false},"author":1,"featured_media":0,"parent":0,"menu_order":0,"comment_status":"closed","ping_status":"closed","template":"","meta":{"_et_pb_use_builder":"on","_et_pb_old_content":"","_et_gb_content_width":"","footnotes":""},"class_list":["post-18188","page","type-page","status-publish","hentry"],"yoast_head":"<!-- This site is optimized with the Yoast SEO plugin v26.8 - https:\/\/yoast.com\/product\/yoast-seo-wordpress\/ -->\n<title>BIOGRAFIA (ITALIANO) - Madre Mar\u00eda F\u00e9lix Torres<\/title>\n<meta name=\"robots\" content=\"index, follow, max-snippet:-1, max-image-preview:large, max-video-preview:-1\" \/>\n<link rel=\"canonical\" href=\"https:\/\/www.mariafelix.org\/en\/biografia-italiano\/\" \/>\n<meta property=\"og:locale\" content=\"en_US\" \/>\n<meta property=\"og:type\" content=\"article\" \/>\n<meta property=\"og:title\" content=\"BIOGRAFIA (ITALIANO) - Madre Mar\u00eda F\u00e9lix Torres\" \/>\n<meta property=\"og:description\" content=\"BIOGRAFIAI suoi genitori, l\u2019ingegnere Ram\u00f3n F\u00e9lix Surigu\u00e9 e Florentina Torres Fum\u00e1s, vogliono che riceva una buona formazione nell\u2019amore ai valori tradizionali.\u00a0 Quindi, nel 1921 parte a L\u00e9rida per finire i tre ultimi anni scolastici del Liceo, vivendo nel frattempo interna nella Scuola della Compagnia di Maria. Nella Settimana Santa del 1922, a l\u2019et\u00e0 di 14 [&hellip;]\" \/>\n<meta property=\"og:url\" content=\"https:\/\/www.mariafelix.org\/en\/biografia-italiano\/\" \/>\n<meta property=\"og:site_name\" content=\"Madre Mar\u00eda F\u00e9lix Torres\" \/>\n<meta property=\"article:modified_time\" content=\"2023-11-14T12:54:45+00:00\" \/>\n<meta name=\"twitter:card\" content=\"summary_large_image\" \/>\n<script type=\"application\/ld+json\" class=\"yoast-schema-graph\">{\"@context\":\"https:\/\/schema.org\",\"@graph\":[{\"@type\":\"WebPage\",\"@id\":\"https:\/\/www.mariafelix.org\/en\/biografia-italiano\/\",\"url\":\"https:\/\/www.mariafelix.org\/en\/biografia-italiano\/\",\"name\":\"BIOGRAFIA (ITALIANO) - Madre Mar\u00eda F\u00e9lix Torres\",\"isPartOf\":{\"@id\":\"https:\/\/www.mariafelix.org\/en\/#website\"},\"datePublished\":\"2023-11-08T19:14:59+00:00\",\"dateModified\":\"2023-11-14T12:54:45+00:00\",\"inLanguage\":\"en-US\",\"potentialAction\":[{\"@type\":\"ReadAction\",\"target\":[\"https:\/\/www.mariafelix.org\/en\/biografia-italiano\/\"]}]},{\"@type\":\"WebSite\",\"@id\":\"https:\/\/www.mariafelix.org\/en\/#website\",\"url\":\"https:\/\/www.mariafelix.org\/en\/\",\"name\":\"Madre Mar\u00eda F\u00e9lix Torres\",\"description\":\"Madre Mar\u00eda F\u00e9lix Torres\",\"potentialAction\":[{\"@type\":\"SearchAction\",\"target\":{\"@type\":\"EntryPoint\",\"urlTemplate\":\"https:\/\/www.mariafelix.org\/en\/?s={search_term_string}\"},\"query-input\":{\"@type\":\"PropertyValueSpecification\",\"valueRequired\":true,\"valueName\":\"search_term_string\"}}],\"inLanguage\":\"en-US\"}]}<\/script>\n<!-- \/ Yoast SEO plugin. -->","yoast_head_json":{"title":"BIOGRAFIA (ITALIANO) - Madre Mar\u00eda F\u00e9lix Torres","robots":{"index":"index","follow":"follow","max-snippet":"max-snippet:-1","max-image-preview":"max-image-preview:large","max-video-preview":"max-video-preview:-1"},"canonical":"https:\/\/www.mariafelix.org\/en\/biografia-italiano\/","og_locale":"en_US","og_type":"article","og_title":"BIOGRAFIA (ITALIANO) - Madre Mar\u00eda F\u00e9lix Torres","og_description":"BIOGRAFIAI suoi genitori, l\u2019ingegnere Ram\u00f3n F\u00e9lix Surigu\u00e9 e Florentina Torres Fum\u00e1s, vogliono che riceva una buona formazione nell\u2019amore ai valori tradizionali.\u00a0 Quindi, nel 1921 parte a L\u00e9rida per finire i tre ultimi anni scolastici del Liceo, vivendo nel frattempo interna nella Scuola della Compagnia di Maria. Nella Settimana Santa del 1922, a l\u2019et\u00e0 di 14 [&hellip;]","og_url":"https:\/\/www.mariafelix.org\/en\/biografia-italiano\/","og_site_name":"Madre Mar\u00eda F\u00e9lix Torres","article_modified_time":"2023-11-14T12:54:45+00:00","twitter_card":"summary_large_image","schema":{"@context":"https:\/\/schema.org","@graph":[{"@type":"WebPage","@id":"https:\/\/www.mariafelix.org\/en\/biografia-italiano\/","url":"https:\/\/www.mariafelix.org\/en\/biografia-italiano\/","name":"BIOGRAFIA (ITALIANO) - Madre Mar\u00eda F\u00e9lix Torres","isPartOf":{"@id":"https:\/\/www.mariafelix.org\/en\/#website"},"datePublished":"2023-11-08T19:14:59+00:00","dateModified":"2023-11-14T12:54:45+00:00","inLanguage":"en-US","potentialAction":[{"@type":"ReadAction","target":["https:\/\/www.mariafelix.org\/en\/biografia-italiano\/"]}]},{"@type":"WebSite","@id":"https:\/\/www.mariafelix.org\/en\/#website","url":"https:\/\/www.mariafelix.org\/en\/","name":"Madre Mar\u00eda F\u00e9lix Torres","description":"Madre Mar\u00eda F\u00e9lix Torres","potentialAction":[{"@type":"SearchAction","target":{"@type":"EntryPoint","urlTemplate":"https:\/\/www.mariafelix.org\/en\/?s={search_term_string}"},"query-input":{"@type":"PropertyValueSpecification","valueRequired":true,"valueName":"search_term_string"}}],"inLanguage":"en-US"}]}},"_links":{"self":[{"href":"https:\/\/www.mariafelix.org\/en\/wp-json\/wp\/v2\/pages\/18188","targetHints":{"allow":["GET"]}}],"collection":[{"href":"https:\/\/www.mariafelix.org\/en\/wp-json\/wp\/v2\/pages"}],"about":[{"href":"https:\/\/www.mariafelix.org\/en\/wp-json\/wp\/v2\/types\/page"}],"author":[{"embeddable":true,"href":"https:\/\/www.mariafelix.org\/en\/wp-json\/wp\/v2\/users\/1"}],"replies":[{"embeddable":true,"href":"https:\/\/www.mariafelix.org\/en\/wp-json\/wp\/v2\/comments?post=18188"}],"version-history":[{"count":1,"href":"https:\/\/www.mariafelix.org\/en\/wp-json\/wp\/v2\/pages\/18188\/revisions"}],"predecessor-version":[{"id":18415,"href":"https:\/\/www.mariafelix.org\/en\/wp-json\/wp\/v2\/pages\/18188\/revisions\/18415"}],"wp:attachment":[{"href":"https:\/\/www.mariafelix.org\/en\/wp-json\/wp\/v2\/media?parent=18188"}],"curies":[{"name":"wp","href":"https:\/\/api.w.org\/{rel}","templated":true}]}}