{"id":18091,"date":"2023-11-09T13:04:31","date_gmt":"2023-11-09T12:04:31","guid":{"rendered":"https:\/\/www.mariafelix.org\/escribir-un-favor\/"},"modified":"2025-07-21T09:54:47","modified_gmt":"2025-07-21T08:54:47","slug":"escrever-um-favor-ou-uma-lembranca","status":"publish","type":"page","link":"https:\/\/www.mariafelix.org\/pt-br\/escrever-um-favor-ou-uma-lembranca\/","title":{"rendered":"ESCREVER UM FAVOR OU UMA LEMBRAN\u00c7A"},"content":{"rendered":"<p>[et_pb_section fb_built=&#8221;1&#8243; fullwidth=&#8221;on&#8221; _builder_version=&#8221;4.16&#8243; _module_preset=&#8221;default&#8221; global_colors_info=&#8221;{}&#8221;][et_pb_fullwidth_slider _builder_version=&#8221;4.23.1&#8243; _module_preset=&#8221;default&#8221; global_colors_info=&#8221;%91%93&#8243;][et_pb_slide _builder_version=&#8221;4.23.1&#8243; _module_preset=&#8221;default&#8221; background_image=&#8221;https:\/\/www.mariafelix.org\/wp-content\/uploads\/2023\/11\/image-23.jpeg&#8221; background_enable_image=&#8221;on&#8221; global_colors_info=&#8221;{}&#8221; sticky_transition=&#8221;on&#8221;][\/et_pb_slide][\/et_pb_fullwidth_slider][\/et_pb_section][et_pb_section fb_built=&#8221;1&#8243; _builder_version=&#8221;4.16&#8243; _module_preset=&#8221;5c19a62f-513d-4606-ae30-8aab177d8889&#8243; custom_padding=&#8221;30px||30px||false|false&#8221; global_colors_info=&#8221;{}&#8221;][et_pb_row column_structure=&#8221;1_4,3_4&#8243; _builder_version=&#8221;4.16&#8243; _module_preset=&#8221;878dbd52-1639-4ccb-bc44-8449068c39e4&#8243; custom_padding=&#8221;0px||0px||false|false&#8221; global_colors_info=&#8221;{}&#8221;][et_pb_column type=&#8221;1_4&#8243; _builder_version=&#8221;4.16&#8243; _module_preset=&#8221;default&#8221; global_colors_info=&#8221;{}&#8221;][et_pb_text module_class=&#8221;tituloPaginaVerde&#8221; _builder_version=&#8221;4.23.1&#8243; _dynamic_attributes=&#8221;content&#8221; _module_preset=&#8221;fb58153c-30e1-4016-9cf8-2751ea08e8fb&#8221; text_font=&#8221;|700||on|||||&#8221; text_text_color=&#8221;#FFFFFF&#8221; text_font_size=&#8221;30px&#8221; text_line_height=&#8221;1.7em&#8221; background_color=&#8221;gcid-5932d176-2d77-4fca-a72d-b55e423a0cb1&#8243; text_orientation=&#8221;center&#8221; module_alignment=&#8221;center&#8221; height=&#8221;244px&#8221; custom_padding=&#8221;110px||||false|false&#8221; global_colors_info=&#8221;%91%93&#8243;]@ET-DC@eyJkeW5hbWljIjp0cnVlLCJjb250ZW50IjoicG9zdF90aXRsZSIsInNldHRpbmdzIjp7ImJlZm9yZSI6IiIsImFmdGVyIjoiIn19@[\/et_pb_text][\/et_pb_column][et_pb_column type=&#8221;3_4&#8243; _builder_version=&#8221;4.16&#8243; _module_preset=&#8221;default&#8221; global_colors_info=&#8221;{}&#8221;][et_pb_text _builder_version=&#8221;4.23.1&#8243; _module_preset=&#8221;9616b5da-827c-4a8d-ad6f-bcd50de1f39f&#8221; text_font_size=&#8221;20px&#8221; global_colors_info=&#8221;%91%93&#8243;]<\/p>\n<h4><strong>Se quer agradecer um favor ou contar uma mem\u00f3ria pessoal sobre a Madre F\u00e9lix, pode faz\u00ea-lo usando este formul\u00e1rio:<\/strong><\/h4>\n<p>&nbsp;<\/p>\n<p><strong>FORMUL\u00c1RIO <\/strong><\/p>\n<ul><\/ul>\n<p>[\/et_pb_text][et_pb_contact_form use_spam_service=&#8221;on&#8221; recaptcha_list=&#8221;Default|Default-0&#8243; email=&#8221;madre.felix@ciasalvador.org&#8221; custom_message=&#8221;Favor recibido por intercesi\u00f3n de la Madre F\u00e9lix:||et_pb_line_break_holder||||et_pb_line_break_holder||Nombre *: %%Nombre%%||et_pb_line_break_holder||Apellidos *: %%Apellidos%%||et_pb_line_break_holder||Pa\u00eds *: %%Pais%%||et_pb_line_break_holder||Ciudad *: %%Ciudad%%||et_pb_line_break_holder||Correo Electr\u00f3nico *: %%Email%%||et_pb_line_break_holder||Texto *: %%Texto%%||et_pb_line_break_holder||||et_pb_line_break_holder||Aceptaciones: %%Acepto1%%||et_pb_line_break_holder||||et_pb_line_break_holder||Este mensaje se ha enviado desde un formulario de contacto en Madre Felix (https:\/\/www.madrefelix.org)||et_pb_line_break_holder||&#8221; _builder_version=&#8221;4.27.4&#8243; _module_preset=&#8221;default&#8221; hover_enabled=&#8221;0&#8243; global_colors_info=&#8221;{}&#8221; sticky_enabled=&#8221;0&#8243;][et_pb_contact_field field_id=&#8221;Nombre&#8221; field_title=&#8221;Nome *&#8221; fullwidth_field=&#8221;off&#8221; _builder_version=&#8221;4.23.1&#8243; global_colors_info=&#8221;{}&#8221; button_text_size__hover_enabled=&#8221;off&#8221; button_one_text_size__hover_enabled=&#8221;off&#8221; button_two_text_size__hover_enabled=&#8221;off&#8221; button_text_color__hover_enabled=&#8221;off&#8221; button_one_text_color__hover_enabled=&#8221;off&#8221; button_two_text_color__hover_enabled=&#8221;off&#8221; button_border_width__hover_enabled=&#8221;off&#8221; button_one_border_width__hover_enabled=&#8221;off&#8221; button_two_border_width__hover_enabled=&#8221;off&#8221; button_border_color__hover_enabled=&#8221;off&#8221; button_one_border_color__hover_enabled=&#8221;off&#8221; button_two_border_color__hover_enabled=&#8221;off&#8221; button_border_radius__hover_enabled=&#8221;off&#8221; button_one_border_radius__hover_enabled=&#8221;off&#8221; button_two_border_radius__hover_enabled=&#8221;off&#8221; button_letter_spacing__hover_enabled=&#8221;off&#8221; button_one_letter_spacing__hover_enabled=&#8221;off&#8221; button_two_letter_spacing__hover_enabled=&#8221;off&#8221; button_bg_color__hover_enabled=&#8221;off&#8221; button_one_bg_color__hover_enabled=&#8221;off&#8221; button_two_bg_color__hover_enabled=&#8221;off&#8221;][\/et_pb_contact_field][et_pb_contact_field field_id=&#8221;Apellidos&#8221; field_title=&#8221;Sobrenome *&#8221; fullwidth_field=&#8221;off&#8221; _builder_version=&#8221;4.23.1&#8243; global_colors_info=&#8221;{}&#8221; button_text_size__hover_enabled=&#8221;off&#8221; button_one_text_size__hover_enabled=&#8221;off&#8221; button_two_text_size__hover_enabled=&#8221;off&#8221; button_text_color__hover_enabled=&#8221;off&#8221; button_one_text_color__hover_enabled=&#8221;off&#8221; button_two_text_color__hover_enabled=&#8221;off&#8221; button_border_width__hover_enabled=&#8221;off&#8221; button_one_border_width__hover_enabled=&#8221;off&#8221; button_two_border_width__hover_enabled=&#8221;off&#8221; button_border_color__hover_enabled=&#8221;off&#8221; button_one_border_color__hover_enabled=&#8221;off&#8221; button_two_border_color__hover_enabled=&#8221;off&#8221; button_border_radius__hover_enabled=&#8221;off&#8221; button_one_border_radius__hover_enabled=&#8221;off&#8221; button_two_border_radius__hover_enabled=&#8221;off&#8221; button_letter_spacing__hover_enabled=&#8221;off&#8221; button_one_letter_spacing__hover_enabled=&#8221;off&#8221; button_two_letter_spacing__hover_enabled=&#8221;off&#8221; button_bg_color__hover_enabled=&#8221;off&#8221; button_one_bg_color__hover_enabled=&#8221;off&#8221; button_two_bg_color__hover_enabled=&#8221;off&#8221;][\/et_pb_contact_field][et_pb_contact_field field_id=&#8221;Pais&#8221; field_title=&#8221;Pa\u00eds *&#8221; fullwidth_field=&#8221;off&#8221; _builder_version=&#8221;4.23.1&#8243; global_colors_info=&#8221;{}&#8221; button_text_size__hover_enabled=&#8221;off&#8221; button_one_text_size__hover_enabled=&#8221;off&#8221; button_two_text_size__hover_enabled=&#8221;off&#8221; button_text_color__hover_enabled=&#8221;off&#8221; button_one_text_color__hover_enabled=&#8221;off&#8221; button_two_text_color__hover_enabled=&#8221;off&#8221; button_border_width__hover_enabled=&#8221;off&#8221; button_one_border_width__hover_enabled=&#8221;off&#8221; button_two_border_width__hover_enabled=&#8221;off&#8221; button_border_color__hover_enabled=&#8221;off&#8221; button_one_border_color__hover_enabled=&#8221;off&#8221; button_two_border_color__hover_enabled=&#8221;off&#8221; button_border_radius__hover_enabled=&#8221;off&#8221; button_one_border_radius__hover_enabled=&#8221;off&#8221; button_two_border_radius__hover_enabled=&#8221;off&#8221; button_letter_spacing__hover_enabled=&#8221;off&#8221; button_one_letter_spacing__hover_enabled=&#8221;off&#8221; button_two_letter_spacing__hover_enabled=&#8221;off&#8221; button_bg_color__hover_enabled=&#8221;off&#8221; button_one_bg_color__hover_enabled=&#8221;off&#8221; button_two_bg_color__hover_enabled=&#8221;off&#8221;][\/et_pb_contact_field][et_pb_contact_field field_id=&#8221;Ciudad&#8221; field_title=&#8221;Cidade *&#8221; fullwidth_field=&#8221;off&#8221; _builder_version=&#8221;4.23.1&#8243; global_colors_info=&#8221;{}&#8221; button_text_size__hover_enabled=&#8221;off&#8221; button_one_text_size__hover_enabled=&#8221;off&#8221; button_two_text_size__hover_enabled=&#8221;off&#8221; button_text_color__hover_enabled=&#8221;off&#8221; button_one_text_color__hover_enabled=&#8221;off&#8221; button_two_text_color__hover_enabled=&#8221;off&#8221; button_border_width__hover_enabled=&#8221;off&#8221; button_one_border_width__hover_enabled=&#8221;off&#8221; button_two_border_width__hover_enabled=&#8221;off&#8221; button_border_color__hover_enabled=&#8221;off&#8221; button_one_border_color__hover_enabled=&#8221;off&#8221; button_two_border_color__hover_enabled=&#8221;off&#8221; button_border_radius__hover_enabled=&#8221;off&#8221; button_one_border_radius__hover_enabled=&#8221;off&#8221; button_two_border_radius__hover_enabled=&#8221;off&#8221; button_letter_spacing__hover_enabled=&#8221;off&#8221; button_one_letter_spacing__hover_enabled=&#8221;off&#8221; button_two_letter_spacing__hover_enabled=&#8221;off&#8221; button_bg_color__hover_enabled=&#8221;off&#8221; button_one_bg_color__hover_enabled=&#8221;off&#8221; button_two_bg_color__hover_enabled=&#8221;off&#8221;][\/et_pb_contact_field][et_pb_contact_field field_id=&#8221;Email&#8221; field_title=&#8221;E-Mail *&#8221; field_type=&#8221;email&#8221; _builder_version=&#8221;4.23.1&#8243; global_colors_info=&#8221;{}&#8221; button_text_size__hover_enabled=&#8221;off&#8221; button_one_text_size__hover_enabled=&#8221;off&#8221; button_two_text_size__hover_enabled=&#8221;off&#8221; button_text_color__hover_enabled=&#8221;off&#8221; button_one_text_color__hover_enabled=&#8221;off&#8221; button_two_text_color__hover_enabled=&#8221;off&#8221; button_border_width__hover_enabled=&#8221;off&#8221; button_one_border_width__hover_enabled=&#8221;off&#8221; button_two_border_width__hover_enabled=&#8221;off&#8221; button_border_color__hover_enabled=&#8221;off&#8221; button_one_border_color__hover_enabled=&#8221;off&#8221; button_two_border_color__hover_enabled=&#8221;off&#8221; button_border_radius__hover_enabled=&#8221;off&#8221; button_one_border_radius__hover_enabled=&#8221;off&#8221; button_two_border_radius__hover_enabled=&#8221;off&#8221; button_letter_spacing__hover_enabled=&#8221;off&#8221; button_one_letter_spacing__hover_enabled=&#8221;off&#8221; button_two_letter_spacing__hover_enabled=&#8221;off&#8221; button_bg_color__hover_enabled=&#8221;off&#8221; button_one_bg_color__hover_enabled=&#8221;off&#8221; button_two_bg_color__hover_enabled=&#8221;off&#8221;][\/et_pb_contact_field][et_pb_contact_field field_id=&#8221;Texto&#8221; field_title=&#8221;Texto&#8221; field_type=&#8221;text&#8221; _builder_version=&#8221;4.23.1&#8243; _module_preset=&#8221;default&#8221; global_colors_info=&#8221;{}&#8221;][\/et_pb_contact_field][et_pb_contact_field field_id=&#8221;Acepto1&#8243; field_title=&#8221; &#8221; field_type=&#8221;checkbox&#8221; checkbox_options=&#8221;%91{%22value%22:%22Eu permito que o testemunho seja publicado.%22,%22checked%22:0,%22dragID%22:-1},{%22value%22:%22Desejo receber por e-mail o boletim semestral da causa da canoniza\u00e7\u00e3o.%22,%22checked%22:0,%22dragID%22:0},{%22value%22:%22Quero receber no meu email as publica\u00e7\u00f5es relacionadas \u00e0 M\u00e3e do facebook e instagram.%22,%22checked%22:0,%22dragID%22:1}%93&#8243; required_mark=&#8221;off&#8221; _builder_version=&#8221;4.23.1&#8243; _module_preset=&#8221;default&#8221; global_colors_info=&#8221;{}&#8221;][\/et_pb_contact_field][et_pb_contact_field field_id=&#8221;Acepto2&#8243; field_title=&#8221;*ISSO NOS AJUDA A PREVENIR QUE PROGRAMAS AUTOM\u00c1TICOS ENVIEM E-MAILS INDESEJADOS.&#8221; field_type=&#8221;checkbox&#8221; checkbox_options=&#8221;%91{%22value%22:%22Eu li e aceito a %22,%22checked%22:0,%22dragID%22:-1,%22link_url%22:%22\/pt-br\/politica-de-privacidade\/%22,%22link_text%22:%22Pol\u00edtica de privacidade%22}%93&#8243; _builder_version=&#8221;4.23.1&#8243; _module_preset=&#8221;default&#8221; global_colors_info=&#8221;{}&#8221;][\/et_pb_contact_field][\/et_pb_contact_form][et_pb_text _builder_version=&#8221;4.23.1&#8243; _module_preset=&#8221;default&#8221; text_font_size=&#8221;13px&#8221; global_colors_info=&#8221;%91%93&#8243;]<\/p>\n<p><span>COMPA\u00d1\u00cdA DEL SALVADOR, na sua qualidade de Respons\u00e1vel pelo Tratamento, informa que as informa\u00e7\u00f5es coletadas atrav\u00e9s deste formul\u00e1rio ser\u00e3o utilizadas para administrar e difundir a Causa de Canoniza\u00e7\u00e3o de sua fundadora, Madre Mar\u00eda F\u00e9lix Torres. A base legal para o tratamento dos dados ser\u00e1 o consentimento da parte interessada. Eles podem ser designados aos \u00f3rg\u00e3os eclesi\u00e1sticos envolvidos no desenvolvimento do caso, bem como a terceiros, quando existe uma obriga\u00e7\u00e3o legal. Os dados ser\u00e3o mantidos pelo tempo necess\u00e1rio para cumprir a finalidade para a qual foram coletados e para determinar as poss\u00edveis responsabilidades que podem surgir do processamento dos dados. O interessado ou seu representante legal, quando apropriado, tem o direito de obter confirma\u00e7\u00e3o de que estamos tratando seus dados pessoais na COMPA\u00d1\u00cdA DEL SALVADOR, portanto, ele \/ ela pode acess\u00e1-los, corrigir informa\u00e7\u00f5es incorretas ou solicitar sua limita\u00e7\u00e3o, oposi\u00e7\u00e3o ou exclus\u00e3o. quando os dados n\u00e3o s\u00e3o mais necess\u00e1rios para os prop\u00f3sitos que foram coletados. Para este fim, ser\u00e1 suficiente enviar uma comunica\u00e7\u00e3o por escrito, comprovando com seguran\u00e7a a sua identidade e a representa\u00e7\u00e3o que voc\u00ea possui, nos seguintes endere\u00e7os: C Tapia de Casariego, 19, 28023 Madrid, protecciondedatos@matersalvatoris.org. Voc\u00ea pode consultar as informa\u00e7\u00f5es adicionais e detalhadas sobre prote\u00e7\u00e3o de dados em nosso site: https:\/\/mariafelix.org\/pt-br\/politica-de-privacidade\/<\/span><\/p>\n<p>[\/et_pb_text][\/et_pb_column][\/et_pb_row][\/et_pb_section]<\/p>\n","protected":false},"excerpt":{"rendered":"<p>Se quer agradecer um favor ou contar uma mem\u00f3ria pessoal sobre a Madre F\u00e9lix, pode faz\u00ea-lo usando este formul\u00e1rio: &nbsp; FORMUL\u00c1RIO COMPA\u00d1\u00cdA DEL SALVADOR, na sua qualidade de Respons\u00e1vel pelo Tratamento, informa que as informa\u00e7\u00f5es coletadas atrav\u00e9s deste formul\u00e1rio ser\u00e3o utilizadas para administrar e difundir a Causa de Canoniza\u00e7\u00e3o de sua fundadora, Madre Mar\u00eda F\u00e9lix [&hellip;]<\/p>\n","protected":false},"author":1,"featured_media":0,"parent":0,"menu_order":0,"comment_status":"closed","ping_status":"closed","template":"","meta":{"_et_pb_use_builder":"on","_et_pb_old_content":"","_et_gb_content_width":"","footnotes":""},"class_list":["post-18091","page","type-page","status-publish","hentry"],"yoast_head":"<!-- This site is optimized with the Yoast SEO plugin v26.8 - https:\/\/yoast.com\/product\/yoast-seo-wordpress\/ -->\n<title>ESCREVER UM FAVOR OU UMA LEMBRAN\u00c7A - Madre Mar\u00eda F\u00e9lix Torres<\/title>\n<meta name=\"robots\" content=\"index, follow, max-snippet:-1, max-image-preview:large, max-video-preview:-1\" \/>\n<link rel=\"canonical\" href=\"https:\/\/www.mariafelix.org\/pt-br\/escrever-um-favor-ou-uma-lembranca\/\" \/>\n<meta property=\"og:locale\" content=\"pt_BR\" \/>\n<meta property=\"og:type\" content=\"article\" \/>\n<meta property=\"og:title\" content=\"ESCREVER UM FAVOR OU UMA LEMBRAN\u00c7A - Madre Mar\u00eda F\u00e9lix Torres\" \/>\n<meta property=\"og:description\" content=\"Se quer agradecer um favor ou contar uma mem\u00f3ria pessoal sobre a Madre F\u00e9lix, pode faz\u00ea-lo usando este formul\u00e1rio: &nbsp; FORMUL\u00c1RIO COMPA\u00d1\u00cdA DEL SALVADOR, na sua qualidade de Respons\u00e1vel pelo Tratamento, informa que as informa\u00e7\u00f5es coletadas atrav\u00e9s deste formul\u00e1rio ser\u00e3o utilizadas para administrar e difundir a Causa de Canoniza\u00e7\u00e3o de sua fundadora, Madre Mar\u00eda F\u00e9lix [&hellip;]\" \/>\n<meta property=\"og:url\" content=\"https:\/\/www.mariafelix.org\/pt-br\/escrever-um-favor-ou-uma-lembranca\/\" \/>\n<meta property=\"og:site_name\" content=\"Madre Mar\u00eda F\u00e9lix Torres\" \/>\n<meta property=\"article:modified_time\" content=\"2025-07-21T08:54:47+00:00\" \/>\n<meta name=\"twitter:card\" content=\"summary_large_image\" \/>\n<meta name=\"twitter:label1\" content=\"Est. tempo de leitura\" \/>\n\t<meta name=\"twitter:data1\" content=\"3 minutos\" \/>\n<script type=\"application\/ld+json\" class=\"yoast-schema-graph\">{\"@context\":\"https:\/\/schema.org\",\"@graph\":[{\"@type\":\"WebPage\",\"@id\":\"https:\/\/www.mariafelix.org\/pt-br\/escrever-um-favor-ou-uma-lembranca\/\",\"url\":\"https:\/\/www.mariafelix.org\/pt-br\/escrever-um-favor-ou-uma-lembranca\/\",\"name\":\"ESCREVER UM FAVOR OU UMA LEMBRAN\u00c7A - Madre Mar\u00eda F\u00e9lix Torres\",\"isPartOf\":{\"@id\":\"https:\/\/www.mariafelix.org\/pt-br\/#website\"},\"datePublished\":\"2023-11-09T12:04:31+00:00\",\"dateModified\":\"2025-07-21T08:54:47+00:00\",\"inLanguage\":\"pt-BR\",\"potentialAction\":[{\"@type\":\"ReadAction\",\"target\":[\"https:\/\/www.mariafelix.org\/pt-br\/escrever-um-favor-ou-uma-lembranca\/\"]}]},{\"@type\":\"WebSite\",\"@id\":\"https:\/\/www.mariafelix.org\/pt-br\/#website\",\"url\":\"https:\/\/www.mariafelix.org\/pt-br\/\",\"name\":\"Madre Mar\u00eda F\u00e9lix Torres\",\"description\":\"Madre Mar\u00eda F\u00e9lix Torres\",\"potentialAction\":[{\"@type\":\"SearchAction\",\"target\":{\"@type\":\"EntryPoint\",\"urlTemplate\":\"https:\/\/www.mariafelix.org\/pt-br\/?s={search_term_string}\"},\"query-input\":{\"@type\":\"PropertyValueSpecification\",\"valueRequired\":true,\"valueName\":\"search_term_string\"}}],\"inLanguage\":\"pt-BR\"}]}<\/script>\n<!-- \/ Yoast SEO plugin. -->","yoast_head_json":{"title":"ESCREVER UM FAVOR OU UMA LEMBRAN\u00c7A - Madre Mar\u00eda F\u00e9lix Torres","robots":{"index":"index","follow":"follow","max-snippet":"max-snippet:-1","max-image-preview":"max-image-preview:large","max-video-preview":"max-video-preview:-1"},"canonical":"https:\/\/www.mariafelix.org\/pt-br\/escrever-um-favor-ou-uma-lembranca\/","og_locale":"pt_BR","og_type":"article","og_title":"ESCREVER UM FAVOR OU UMA LEMBRAN\u00c7A - Madre Mar\u00eda F\u00e9lix Torres","og_description":"Se quer agradecer um favor ou contar uma mem\u00f3ria pessoal sobre a Madre F\u00e9lix, pode faz\u00ea-lo usando este formul\u00e1rio: &nbsp; FORMUL\u00c1RIO COMPA\u00d1\u00cdA DEL SALVADOR, na sua qualidade de Respons\u00e1vel pelo Tratamento, informa que as informa\u00e7\u00f5es coletadas atrav\u00e9s deste formul\u00e1rio ser\u00e3o utilizadas para administrar e difundir a Causa de Canoniza\u00e7\u00e3o de sua fundadora, Madre Mar\u00eda F\u00e9lix [&hellip;]","og_url":"https:\/\/www.mariafelix.org\/pt-br\/escrever-um-favor-ou-uma-lembranca\/","og_site_name":"Madre Mar\u00eda F\u00e9lix Torres","article_modified_time":"2025-07-21T08:54:47+00:00","twitter_card":"summary_large_image","twitter_misc":{"Est. tempo de leitura":"3 minutos"},"schema":{"@context":"https:\/\/schema.org","@graph":[{"@type":"WebPage","@id":"https:\/\/www.mariafelix.org\/pt-br\/escrever-um-favor-ou-uma-lembranca\/","url":"https:\/\/www.mariafelix.org\/pt-br\/escrever-um-favor-ou-uma-lembranca\/","name":"ESCREVER UM FAVOR OU UMA LEMBRAN\u00c7A - Madre Mar\u00eda F\u00e9lix Torres","isPartOf":{"@id":"https:\/\/www.mariafelix.org\/pt-br\/#website"},"datePublished":"2023-11-09T12:04:31+00:00","dateModified":"2025-07-21T08:54:47+00:00","inLanguage":"pt-BR","potentialAction":[{"@type":"ReadAction","target":["https:\/\/www.mariafelix.org\/pt-br\/escrever-um-favor-ou-uma-lembranca\/"]}]},{"@type":"WebSite","@id":"https:\/\/www.mariafelix.org\/pt-br\/#website","url":"https:\/\/www.mariafelix.org\/pt-br\/","name":"Madre Mar\u00eda F\u00e9lix Torres","description":"Madre Mar\u00eda F\u00e9lix Torres","potentialAction":[{"@type":"SearchAction","target":{"@type":"EntryPoint","urlTemplate":"https:\/\/www.mariafelix.org\/pt-br\/?s={search_term_string}"},"query-input":{"@type":"PropertyValueSpecification","valueRequired":true,"valueName":"search_term_string"}}],"inLanguage":"pt-BR"}]}},"_links":{"self":[{"href":"https:\/\/www.mariafelix.org\/pt-br\/wp-json\/wp\/v2\/pages\/18091","targetHints":{"allow":["GET"]}}],"collection":[{"href":"https:\/\/www.mariafelix.org\/pt-br\/wp-json\/wp\/v2\/pages"}],"about":[{"href":"https:\/\/www.mariafelix.org\/pt-br\/wp-json\/wp\/v2\/types\/page"}],"author":[{"embeddable":true,"href":"https:\/\/www.mariafelix.org\/pt-br\/wp-json\/wp\/v2\/users\/1"}],"replies":[{"embeddable":true,"href":"https:\/\/www.mariafelix.org\/pt-br\/wp-json\/wp\/v2\/comments?post=18091"}],"version-history":[{"count":10,"href":"https:\/\/www.mariafelix.org\/pt-br\/wp-json\/wp\/v2\/pages\/18091\/revisions"}],"predecessor-version":[{"id":18808,"href":"https:\/\/www.mariafelix.org\/pt-br\/wp-json\/wp\/v2\/pages\/18091\/revisions\/18808"}],"wp:attachment":[{"href":"https:\/\/www.mariafelix.org\/pt-br\/wp-json\/wp\/v2\/media?parent=18091"}],"curies":[{"name":"wp","href":"https:\/\/api.w.org\/{rel}","templated":true}]}}