{"id":18179,"date":"2023-11-08T20:10:37","date_gmt":"2023-11-08T19:10:37","guid":{"rendered":"https:\/\/www.mariafelix.org\/biographie-francais\/"},"modified":"2023-11-14T13:54:10","modified_gmt":"2023-11-14T12:54:10","slug":"biographie-francais","status":"publish","type":"page","link":"https:\/\/www.mariafelix.org\/pt-br\/biographie-francais\/","title":{"rendered":"BIOGRAPHIE (FRAN\u00c7AIS)"},"content":{"rendered":"<p>[et_pb_section fb_built=&#8221;1&#8243; fullwidth=&#8221;on&#8221; _builder_version=&#8221;4.22.2&#8243; _module_preset=&#8221;2ce0b7bd-dbb5-4adc-bc83-1100f73502ab&#8221; da_disable_devices=&#8221;off|off|off&#8221; global_colors_info=&#8221;{}&#8221; da_is_popup=&#8221;off&#8221; da_exit_intent=&#8221;off&#8221; da_has_close=&#8221;on&#8221; da_alt_close=&#8221;off&#8221; da_dark_close=&#8221;off&#8221; da_not_modal=&#8221;on&#8221; da_is_singular=&#8221;off&#8221; da_with_loader=&#8221;off&#8221; da_has_shadow=&#8221;on&#8221;][et_pb_fullwidth_slider _builder_version=&#8221;4.23.1&#8243; _module_preset=&#8221;9587e0c8-d8ae-4497-80de-dc6ac7c71289&#8243; global_colors_info=&#8221;{}&#8221;][et_pb_slide _builder_version=&#8221;4.23.1&#8243; _module_preset=&#8221;default&#8221; background_image=&#8221;https:\/\/www.mariafelix.org\/wp-content\/uploads\/2023\/11\/image-9.jpeg&#8221; background_enable_image=&#8221;on&#8221; global_colors_info=&#8221;{}&#8221; sticky_transition=&#8221;on&#8221;][\/et_pb_slide][\/et_pb_fullwidth_slider][\/et_pb_section][et_pb_section fb_built=&#8221;1&#8243; _builder_version=&#8221;4.22.2&#8243; _module_preset=&#8221;c3571faf-1673-4b9f-bf46-f8250e9a3f6a&#8221; da_disable_devices=&#8221;off|off|off&#8221; global_colors_info=&#8221;{}&#8221; da_is_popup=&#8221;off&#8221; da_exit_intent=&#8221;off&#8221; da_has_close=&#8221;on&#8221; da_alt_close=&#8221;off&#8221; da_dark_close=&#8221;off&#8221; da_not_modal=&#8221;on&#8221; da_is_singular=&#8221;off&#8221; da_with_loader=&#8221;off&#8221; da_has_shadow=&#8221;on&#8221;][et_pb_row column_structure=&#8221;1_4,3_4&#8243; _builder_version=&#8221;4.22.2&#8243; _module_preset=&#8221;0b5ba106-5785-489f-ba7b-9fa41143096f&#8221; global_colors_info=&#8221;{}&#8221;][et_pb_column type=&#8221;1_4&#8243; _builder_version=&#8221;4.22.2&#8243; _module_preset=&#8221;824ebbaf-e3b5-4405-acb8-3b2fd9286d17&#8243; global_colors_info=&#8221;{}&#8221;][et_pb_text _builder_version=&#8221;4.23.1&#8243; _module_preset=&#8221;ecb607dd-d36f-4b0d-a6f8-239bd01a7812&#8243; background_color=&#8221;#821b33&#8243; hover_enabled=&#8221;0&#8243; global_colors_info=&#8221;{}&#8221; sticky_enabled=&#8221;0&#8243;]BIOGRAPHIE[\/et_pb_text][et_pb_image src=&#8221;https:\/\/www.mariafelix.org\/wp-content\/uploads\/2023\/11\/image-2.png&#8221; title_text=&#8221;image&#8221; _builder_version=&#8221;4.23.1&#8243; _module_preset=&#8221;78b8f189-3fc7-40bb-b902-2ab30819502b&#8221; global_colors_info=&#8221;{}&#8221;][\/et_pb_image][\/et_pb_column][et_pb_column type=&#8221;3_4&#8243; _builder_version=&#8221;4.22.2&#8243; _module_preset=&#8221;fec2c85f-4b95-4256-bb6d-4b28d4ff7161&#8243; global_colors_info=&#8221;{}&#8221;][et_pb_text _builder_version=&#8221;4.23.1&#8243; _module_preset=&#8221;20504ce9-00fc-4f70-97e5-cb8f521d8155&#8243; global_colors_info=&#8221;{}&#8221;]<\/p>\n<p>La m\u00e8re Mar\u00eda F\u00e9lix na\u00eet le 25 ao\u00fbt 1907 dans la ville d\u2019Albelda (Huesca).<\/p>\n<p>Ses parents, Raymond et Florentine, s\u2019inqui\u00e8tent de lui donner une bonne \u00e9ducation, en la faisant entrer comme pensionnaire pour faire ses \u00e9tudes au coll\u00e8ge de la Compagnie de Marie, \u00e0 L\u00e9rida.<\/p>\n<p>\u00c0 quatorze ans, elle vit l\u00e0 pour la premi\u00e8re fois l\u2019exp\u00e9rience des Exercices Spirituels de saint Ignace de Loyola. Elle ressent tr\u00e8s intens\u00e9ment l\u2019amour et l\u2019appel du Seigneur et sa r\u00e9ponse \u2013comment nous le lirons dans son journal\u2013, ne peut pas \u00eatre plus Claire et d\u00e9cid\u00e9e: <strong><span>\u201cJe suis \u00e0 Lui pour toujours pleinement et consciemment\u201d.<\/span><\/strong><\/p>\n<p>Face \u00e0 l\u2019opposition de ses parents \u00e0 sa vocation religieuse, elle commence des \u00e9tudes universitaires \u00e0 L\u2019Universit\u00e9 de Saragosse et <strong><span>elle obtient, en 1930, sa licence en Sciences chimiques.<\/span><\/strong><\/p>\n<p>Elle sait que Dieu la veut pour Lui, mais elle ne sait pas ni o\u00f9 ni comment sa vocation va se r\u00e9aliser. Son d\u00e9sir, pendant que s\u2019\u00e9claire la volont\u00e9 de Dieu sur elle, est de <strong><span>se d\u00e9dier \u00e0 l\u2019apostolat des jeunes \u00e9tudiantes.<\/span><\/strong><\/p>\n<p>Le 15 ao\u00fbt 1934, avec sa premi\u00e8re compagne, Carmen Aige, elle fait un v\u0153u priv\u00e9 de d\u00e9penser sa vie au profit des \u00e2mes et au service de l\u2019Eglise.<strong><span> La plus grande gloire de Dieu, en suivant le Christ et unie \u00e0 Lui, devient la raison de son existence.<\/span><\/strong><\/p>\n<p>Peu \u00e0 peu, d\u2019autres jeunes universitaires s\u2019unissent \u00e0 elle. \u00c0 Barcelone, en 1940, elles re\u00e7oivent la permission de vivre en communaut\u00e9 et, <strong><span>en 1952, elles sont re\u00e7ues par l\u2019Eglise comme Congr\u00e9gation Religieuse<\/span><\/strong> de Droit Dioc\u00e9sain. En 1986, la Compagnie du Sauveur est approuv\u00e9e par la Saint-Si\u00e8ge comme Institut de Droit Pontifical.<\/p>\n<p>Pendant dix-huit ans, M\u00e8re Marie F\u00e9lix Torres sert ses s\u0153urs comme Sup\u00e9rieure G\u00e9n\u00e9rale. Dieu lui assign\u00e9 dans son Eglise la parcelle de l\u2019\u00e9ducation\u00a0 chr\u00e9tienne de la jeunesse, surtout l\u2019universitaire. <strong><span>\u00c0 cette fin elle ouvre en Espagne et en Am\u00e9rique les coll\u00e8ges Mater Salvatoris<\/span><\/strong>, qui transmettent le charisme que le seigneur lui conc\u00e9da : l\u2019adh\u00e9sion au Pape, l\u2019amour tendre \u00e0 la Tr\u00e8s Sainte Vierge Marie et faire des jeunes un ferment \u00e9vang\u00e9lique permanent dans la soci\u00e9t\u00e9 pour l\u2019amener \u00e0 J\u00e9sus Christ.<\/p>\n<p><strong><span>Jusqu\u2019\u00e0 sa mort, le 12 janvier 2001, \u00e0 la Curie G\u00e9n\u00e9rale, \u00e0 Madrid, la M\u00e8re Marie F\u00e9lix est v\u00e9ritablement \u00ab l\u2019\u00e2me et la m\u00e8re \u00bb de la congr\u00e9gation<\/span><\/strong>, bien que menant une vie si discr\u00e8te que peu de gens savaient qu\u2019elle \u00e9tait la Fondatrice. Apr\u00e8s sa mont, les t\u00e9moignages de personnes qui se souviennent de sa vie extraordinaire se sont multipli\u00e9s, ils se confient \u00e0 elle dans leurs pri\u00e8res et attribuaient les faveurs qu\u2019ils re\u00e7oivent \u00e0 son intercession. La cause de la canonisation de la Servante de Dieu a \u00e9t\u00e9 introduite \u00e0 Madrid en 2009. <strong><span>Le 10 juillet 2020, le Pape Fran\u00e7ois a autoris\u00e9 la Congr\u00e9gation pour les Causes des Saints \u00e0 promulguer le d\u00e9cret des vertus h\u00e9ro\u00efques, la d\u00e9clarant V\u00e9n\u00e9rable.<\/span><\/strong><\/p>\n<p>A partir de ce moment, notre \u00c9glise M\u00e8re confirme qu\u2019un exercice extraordinaire de toutes les vertus chr\u00e9tiennes a \u00e9t\u00e9 vu en elle. Avec l\u2019\u00e9tude et l\u2019approbation d\u2019un miracle obtenu par son intercession, M\u00e8re Mar\u00eda F\u00e9lix peut \u00eatre d\u00e9clar\u00e9e bienheureuse et un second miracle ouvrira la voie \u00e0 sa canonisation.<\/p>\n<p>[\/et_pb_text][et_pb_button button_url=&#8221;@ET-DC@eyJkeW5hbWljIjp0cnVlLCJjb250ZW50IjoicG9zdF9saW5rX3VybF9hdHRhY2htZW50Iiwic2V0dGluZ3MiOnsicG9zdF9pZCI6Ijk2NzkifX0=@&#8221; button_text=&#8221;T\u00e9l\u00e9charger la biographie compl\u00e8te&#8221; _builder_version=&#8221;4.23.1&#8243; _dynamic_attributes=&#8221;button_url&#8221; _module_preset=&#8221;3f43e8d4-1440-43af-925c-dfdea8869da2&#8243; global_colors_info=&#8221;{}&#8221;][\/et_pb_button][\/et_pb_column][\/et_pb_row][\/et_pb_section]<\/p>\n","protected":false},"excerpt":{"rendered":"<p>BIOGRAPHIELa m\u00e8re Mar\u00eda F\u00e9lix na\u00eet le 25 ao\u00fbt 1907 dans la ville d\u2019Albelda (Huesca). Ses parents, Raymond et Florentine, s\u2019inqui\u00e8tent de lui donner une bonne \u00e9ducation, en la faisant entrer comme pensionnaire pour faire ses \u00e9tudes au coll\u00e8ge de la Compagnie de Marie, \u00e0 L\u00e9rida. \u00c0 quatorze ans, elle vit l\u00e0 pour la premi\u00e8re fois [&hellip;]<\/p>\n","protected":false},"author":1,"featured_media":0,"parent":0,"menu_order":0,"comment_status":"closed","ping_status":"closed","template":"","meta":{"_et_pb_use_builder":"on","_et_pb_old_content":"","_et_gb_content_width":"","footnotes":""},"class_list":["post-18179","page","type-page","status-publish","hentry"],"yoast_head":"<!-- This site is optimized with the Yoast SEO plugin v26.8 - https:\/\/yoast.com\/product\/yoast-seo-wordpress\/ -->\n<title>BIOGRAPHIE (FRAN\u00c7AIS) - Madre Mar\u00eda F\u00e9lix Torres<\/title>\n<meta name=\"robots\" content=\"index, follow, max-snippet:-1, max-image-preview:large, max-video-preview:-1\" \/>\n<link rel=\"canonical\" href=\"https:\/\/www.mariafelix.org\/pt-br\/biographie-francais\/\" \/>\n<meta property=\"og:locale\" content=\"pt_BR\" \/>\n<meta property=\"og:type\" content=\"article\" \/>\n<meta property=\"og:title\" content=\"BIOGRAPHIE (FRAN\u00c7AIS) - Madre Mar\u00eda F\u00e9lix Torres\" \/>\n<meta property=\"og:description\" content=\"BIOGRAPHIELa m\u00e8re Mar\u00eda F\u00e9lix na\u00eet le 25 ao\u00fbt 1907 dans la ville d\u2019Albelda (Huesca). Ses parents, Raymond et Florentine, s\u2019inqui\u00e8tent de lui donner une bonne \u00e9ducation, en la faisant entrer comme pensionnaire pour faire ses \u00e9tudes au coll\u00e8ge de la Compagnie de Marie, \u00e0 L\u00e9rida. \u00c0 quatorze ans, elle vit l\u00e0 pour la premi\u00e8re fois [&hellip;]\" \/>\n<meta property=\"og:url\" content=\"https:\/\/www.mariafelix.org\/pt-br\/biographie-francais\/\" \/>\n<meta property=\"og:site_name\" content=\"Madre Mar\u00eda F\u00e9lix Torres\" \/>\n<meta property=\"article:modified_time\" content=\"2023-11-14T12:54:10+00:00\" \/>\n<meta name=\"twitter:card\" content=\"summary_large_image\" \/>\n<script type=\"application\/ld+json\" class=\"yoast-schema-graph\">{\"@context\":\"https:\/\/schema.org\",\"@graph\":[{\"@type\":\"WebPage\",\"@id\":\"https:\/\/www.mariafelix.org\/pt-br\/biographie-francais\/\",\"url\":\"https:\/\/www.mariafelix.org\/pt-br\/biographie-francais\/\",\"name\":\"BIOGRAPHIE (FRAN\u00c7AIS) - Madre Mar\u00eda F\u00e9lix Torres\",\"isPartOf\":{\"@id\":\"https:\/\/www.mariafelix.org\/pt-br\/#website\"},\"datePublished\":\"2023-11-08T19:10:37+00:00\",\"dateModified\":\"2023-11-14T12:54:10+00:00\",\"inLanguage\":\"pt-BR\",\"potentialAction\":[{\"@type\":\"ReadAction\",\"target\":[\"https:\/\/www.mariafelix.org\/pt-br\/biographie-francais\/\"]}]},{\"@type\":\"WebSite\",\"@id\":\"https:\/\/www.mariafelix.org\/pt-br\/#website\",\"url\":\"https:\/\/www.mariafelix.org\/pt-br\/\",\"name\":\"Madre Mar\u00eda F\u00e9lix Torres\",\"description\":\"Madre Mar\u00eda F\u00e9lix Torres\",\"potentialAction\":[{\"@type\":\"SearchAction\",\"target\":{\"@type\":\"EntryPoint\",\"urlTemplate\":\"https:\/\/www.mariafelix.org\/pt-br\/?s={search_term_string}\"},\"query-input\":{\"@type\":\"PropertyValueSpecification\",\"valueRequired\":true,\"valueName\":\"search_term_string\"}}],\"inLanguage\":\"pt-BR\"}]}<\/script>\n<!-- \/ Yoast SEO plugin. -->","yoast_head_json":{"title":"BIOGRAPHIE (FRAN\u00c7AIS) - Madre Mar\u00eda F\u00e9lix Torres","robots":{"index":"index","follow":"follow","max-snippet":"max-snippet:-1","max-image-preview":"max-image-preview:large","max-video-preview":"max-video-preview:-1"},"canonical":"https:\/\/www.mariafelix.org\/pt-br\/biographie-francais\/","og_locale":"pt_BR","og_type":"article","og_title":"BIOGRAPHIE (FRAN\u00c7AIS) - Madre Mar\u00eda F\u00e9lix Torres","og_description":"BIOGRAPHIELa m\u00e8re Mar\u00eda F\u00e9lix na\u00eet le 25 ao\u00fbt 1907 dans la ville d\u2019Albelda (Huesca). Ses parents, Raymond et Florentine, s\u2019inqui\u00e8tent de lui donner une bonne \u00e9ducation, en la faisant entrer comme pensionnaire pour faire ses \u00e9tudes au coll\u00e8ge de la Compagnie de Marie, \u00e0 L\u00e9rida. \u00c0 quatorze ans, elle vit l\u00e0 pour la premi\u00e8re fois [&hellip;]","og_url":"https:\/\/www.mariafelix.org\/pt-br\/biographie-francais\/","og_site_name":"Madre Mar\u00eda F\u00e9lix Torres","article_modified_time":"2023-11-14T12:54:10+00:00","twitter_card":"summary_large_image","schema":{"@context":"https:\/\/schema.org","@graph":[{"@type":"WebPage","@id":"https:\/\/www.mariafelix.org\/pt-br\/biographie-francais\/","url":"https:\/\/www.mariafelix.org\/pt-br\/biographie-francais\/","name":"BIOGRAPHIE (FRAN\u00c7AIS) - Madre Mar\u00eda F\u00e9lix Torres","isPartOf":{"@id":"https:\/\/www.mariafelix.org\/pt-br\/#website"},"datePublished":"2023-11-08T19:10:37+00:00","dateModified":"2023-11-14T12:54:10+00:00","inLanguage":"pt-BR","potentialAction":[{"@type":"ReadAction","target":["https:\/\/www.mariafelix.org\/pt-br\/biographie-francais\/"]}]},{"@type":"WebSite","@id":"https:\/\/www.mariafelix.org\/pt-br\/#website","url":"https:\/\/www.mariafelix.org\/pt-br\/","name":"Madre Mar\u00eda F\u00e9lix Torres","description":"Madre Mar\u00eda F\u00e9lix Torres","potentialAction":[{"@type":"SearchAction","target":{"@type":"EntryPoint","urlTemplate":"https:\/\/www.mariafelix.org\/pt-br\/?s={search_term_string}"},"query-input":{"@type":"PropertyValueSpecification","valueRequired":true,"valueName":"search_term_string"}}],"inLanguage":"pt-BR"}]}},"_links":{"self":[{"href":"https:\/\/www.mariafelix.org\/pt-br\/wp-json\/wp\/v2\/pages\/18179","targetHints":{"allow":["GET"]}}],"collection":[{"href":"https:\/\/www.mariafelix.org\/pt-br\/wp-json\/wp\/v2\/pages"}],"about":[{"href":"https:\/\/www.mariafelix.org\/pt-br\/wp-json\/wp\/v2\/types\/page"}],"author":[{"embeddable":true,"href":"https:\/\/www.mariafelix.org\/pt-br\/wp-json\/wp\/v2\/users\/1"}],"replies":[{"embeddable":true,"href":"https:\/\/www.mariafelix.org\/pt-br\/wp-json\/wp\/v2\/comments?post=18179"}],"version-history":[{"count":1,"href":"https:\/\/www.mariafelix.org\/pt-br\/wp-json\/wp\/v2\/pages\/18179\/revisions"}],"predecessor-version":[{"id":18413,"href":"https:\/\/www.mariafelix.org\/pt-br\/wp-json\/wp\/v2\/pages\/18179\/revisions\/18413"}],"wp:attachment":[{"href":"https:\/\/www.mariafelix.org\/pt-br\/wp-json\/wp\/v2\/media?parent=18179"}],"curies":[{"name":"wp","href":"https:\/\/api.w.org\/{rel}","templated":true}]}}