{"id":18183,"date":"2023-11-08T20:31:38","date_gmt":"2023-11-08T19:31:38","guid":{"rendered":"https:\/\/www.mariafelix.org\/biografia-portugues\/"},"modified":"2023-11-14T13:59:32","modified_gmt":"2023-11-14T12:59:32","slug":"biografia-portugues","status":"publish","type":"page","link":"https:\/\/www.mariafelix.org\/pt-br\/biografia-portugues\/","title":{"rendered":"BIOGRAFIA (PORTUGU\u00caS)"},"content":{"rendered":"<p>[et_pb_section fb_built=&#8221;1&#8243; fullwidth=&#8221;on&#8221; _builder_version=&#8221;4.22.2&#8243; _module_preset=&#8221;2ce0b7bd-dbb5-4adc-bc83-1100f73502ab&#8221; da_disable_devices=&#8221;off|off|off&#8221; global_colors_info=&#8221;{}&#8221; da_is_popup=&#8221;off&#8221; da_exit_intent=&#8221;off&#8221; da_has_close=&#8221;on&#8221; da_alt_close=&#8221;off&#8221; da_dark_close=&#8221;off&#8221; da_not_modal=&#8221;on&#8221; da_is_singular=&#8221;off&#8221; da_with_loader=&#8221;off&#8221; da_has_shadow=&#8221;on&#8221;][et_pb_fullwidth_slider _builder_version=&#8221;4.23.1&#8243; _module_preset=&#8221;9587e0c8-d8ae-4497-80de-dc6ac7c71289&#8243; global_colors_info=&#8221;{}&#8221;][et_pb_slide _builder_version=&#8221;4.23.1&#8243; _module_preset=&#8221;default&#8221; background_image=&#8221;https:\/\/www.mariafelix.org\/wp-content\/uploads\/2023\/11\/image-16.jpeg&#8221; background_enable_image=&#8221;on&#8221; global_colors_info=&#8221;{}&#8221; sticky_transition=&#8221;on&#8221;][\/et_pb_slide][\/et_pb_fullwidth_slider][\/et_pb_section][et_pb_section fb_built=&#8221;1&#8243; _builder_version=&#8221;4.22.2&#8243; _module_preset=&#8221;c3571faf-1673-4b9f-bf46-f8250e9a3f6a&#8221; da_disable_devices=&#8221;off|off|off&#8221; global_colors_info=&#8221;{}&#8221; da_is_popup=&#8221;off&#8221; da_exit_intent=&#8221;off&#8221; da_has_close=&#8221;on&#8221; da_alt_close=&#8221;off&#8221; da_dark_close=&#8221;off&#8221; da_not_modal=&#8221;on&#8221; da_is_singular=&#8221;off&#8221; da_with_loader=&#8221;off&#8221; da_has_shadow=&#8221;on&#8221;][et_pb_row column_structure=&#8221;1_4,3_4&#8243; _builder_version=&#8221;4.22.2&#8243; _module_preset=&#8221;0b5ba106-5785-489f-ba7b-9fa41143096f&#8221; global_colors_info=&#8221;{}&#8221;][et_pb_column type=&#8221;1_4&#8243; _builder_version=&#8221;4.22.2&#8243; _module_preset=&#8221;824ebbaf-e3b5-4405-acb8-3b2fd9286d17&#8243; global_colors_info=&#8221;{}&#8221;][et_pb_text _builder_version=&#8221;4.23.1&#8243; _module_preset=&#8221;ecb607dd-d36f-4b0d-a6f8-239bd01a7812&#8243; background_color=&#8221;#821b33&#8243; hover_enabled=&#8221;0&#8243; global_colors_info=&#8221;{}&#8221; sticky_enabled=&#8221;0&#8243;]BIOGRAFIA[\/et_pb_text][et_pb_image src=&#8221;https:\/\/www.mariafelix.org\/wp-content\/uploads\/2023\/11\/image-2.png&#8221; title_text=&#8221;image&#8221; _builder_version=&#8221;4.23.1&#8243; _module_preset=&#8221;78b8f189-3fc7-40bb-b902-2ab30819502b&#8221; global_colors_info=&#8221;{}&#8221;][\/et_pb_image][\/et_pb_column][et_pb_column type=&#8221;3_4&#8243; _builder_version=&#8221;4.22.2&#8243; _module_preset=&#8221;fec2c85f-4b95-4256-bb6d-4b28d4ff7161&#8243; global_colors_info=&#8221;{}&#8221;][et_pb_text _builder_version=&#8221;4.23.1&#8243; _module_preset=&#8221;20504ce9-00fc-4f70-97e5-cb8f521d8155&#8243; global_colors_info=&#8221;{}&#8221;]<\/p>\n<p>Mar\u00eda Felix nasceu no dia 25 de agosto de 1907 na cidade de Albelda (Huesca, Espanha).<\/p>\n<p>Seus pais, Dom Ram\u00f3n e Dona Florentina, estavam preocupados em que ela recebesse uma boa educa\u00e7\u00e3o, e por isso cursou o segundo grau como aluna interna na escola da Companhia<\/p>\n<p>de Maria, em Lleida. L\u00e1, aos 14 anos, viveu pela primeira vez a experi\u00eancia dos Exerc\u00edcios Espirituais de Santo In\u00e1cio de Loyola. Nesse momento ela sente muito intensamente o amor e a chamada do Senhor, e sua resposta, como podemos ler em seu di\u00e1rio, n\u00e3o pode ser mais clara e mais decidida: <strong>\u201cEu sou sua, completa e conscienciosamente, para sempre\u201d.<\/strong><\/p>\n<p>Diante da oposi\u00e7\u00e3o de seus pais \u00e0 sua voca\u00e7\u00e3o religiosa, iniciou seus estudos universit\u00e1rios e <strong>obteve, em 1930, o diploma em Ci\u00eancias Qu\u00edmicas pela Universidade de Zaragoza. <\/strong>Ela sabe que\u00a0 Deus a quer para Ele, mas n\u00e3o sabe aonde nem como sua voca\u00e7\u00e3o ser\u00e1 realizada. Seu desejo, enquanto elucida a vontade de Deus sobre ela, \u00e9 dedicar-se ao apostolado entre as jovens estudantes. No dia 15 de agosto de 1934, junto a sua primeira companheira, Carmen Aige, faz um voto privado para dedicar sua vida em benef\u00edcio das almas e ao servi\u00e7o da Igreja. <strong>A maior gl\u00f3ria de Deus, seguindo Cristo e unido a Ele, torna-se o motivo de sua exist\u00eancia.<\/strong><\/p>\n<p>Pouco a pouco, come\u00e7am a acompanh\u00e1-la outras jovens universit\u00e1rias. Em Barcelona, \u200b\u200bem<\/p>\n<p>1940, recebem permiss\u00e3o para viver em comunidade e, em 1952, s\u00e3o recebidas pela Igreja como uma Congrega\u00e7\u00e3o Religiosa de Direito Diocesano. <strong>Em 1986, a Companhia do Salvador foi aprovada pela Santa S\u00e9 como Instituto de Direito Pontif\u00edcio.<\/strong><\/p>\n<p>Durante 18 anos, a Madre Maria Felix Torres atende suas irm\u00e3s como Superiora Geral. Deus lhe atribuiu dentro de sua Igreja a miss\u00e3o de promover a educa\u00e7\u00e3o crist\u00e3 da juventude, especialmente a universit\u00e1ria. Para este fim, <strong>abre na Espanha e na Am\u00e9rica os Col\u00e9gios Mater Salvatoris<\/strong>, que transmitem o carisma que o Senhor lhe concedeu: ades\u00e3o ao Papa, amor terno pela Sant\u00edssima Virgem e fazer dos jovens um fermento evang\u00e9lico permanente na sociedade, para traz\u00ea-la a Jesus Cristo.<\/p>\n<p>At\u00e9 a su morte, no dia 12 de janeiro de 2001, na C\u00faria Geral, em Madri, a Madre Maria F\u00e9lix \u00e9 a <strong>verdadeira \u201calma e m\u00e3e\u201d da Congrega\u00e7\u00e3o, embora tenha vivido uma vida t\u00e3o discreta que poucos sabiam que ela foi sua Fundadora.<\/strong> Ap\u00f3s sua morte, multiplicam-se os testemunhos de pessoas que rememoram os aspectos extraordin\u00e1rios de sua vida, confiando-lhe suas ora\u00e7\u00f5es e atribuindo-lhe favores \u00e0 sua intercess\u00e3o. <span lang=\"pt\">A causa da canoniza\u00e7\u00e3o da Serva de Deus foi introduzida em Madrid em 2009.\u00a0 <strong>Em 10 de julho de 2020, o Papa Francisco autorizou a Congrega\u00e7\u00e3o para as Causas dos Santos a promulgar o decreto das virtudes her\u00f3icas, declarando-a Vener\u00e1vel.<\/strong> A partir deste momento, a nossa M\u00e3e Igreja confirma que nela se viu um extraordin\u00e1rio exerc\u00edcio de todas as virtudes crist\u00e3s. Com o estudo e aprova\u00e7\u00e3o de um milagre obtido por sua intercess\u00e3o, Madre Maria F\u00e9lix pode ser declarada Beata e um segundo milagre abrir\u00e1 o caminho para sua canoniza\u00e7\u00e3o.<\/span><\/p>\n<p>[\/et_pb_text][\/et_pb_column][\/et_pb_row][\/et_pb_section]<\/p>\n","protected":false},"excerpt":{"rendered":"<p>BIOGRAFIAMar\u00eda Felix nasceu no dia 25 de agosto de 1907 na cidade de Albelda (Huesca, Espanha). Seus pais, Dom Ram\u00f3n e Dona Florentina, estavam preocupados em que ela recebesse uma boa educa\u00e7\u00e3o, e por isso cursou o segundo grau como aluna interna na escola da Companhia de Maria, em Lleida. L\u00e1, aos 14 anos, viveu [&hellip;]<\/p>\n","protected":false},"author":1,"featured_media":0,"parent":0,"menu_order":0,"comment_status":"closed","ping_status":"closed","template":"","meta":{"_et_pb_use_builder":"on","_et_pb_old_content":"","_et_gb_content_width":"","footnotes":""},"class_list":["post-18183","page","type-page","status-publish","hentry"],"yoast_head":"<!-- This site is optimized with the Yoast SEO plugin v26.8 - https:\/\/yoast.com\/product\/yoast-seo-wordpress\/ -->\n<title>BIOGRAFIA (PORTUGU\u00caS) - Madre Mar\u00eda F\u00e9lix Torres<\/title>\n<meta name=\"robots\" content=\"index, follow, max-snippet:-1, max-image-preview:large, max-video-preview:-1\" \/>\n<link rel=\"canonical\" href=\"https:\/\/www.mariafelix.org\/pt-br\/biografia-portugues\/\" \/>\n<meta property=\"og:locale\" content=\"pt_BR\" \/>\n<meta property=\"og:type\" content=\"article\" \/>\n<meta property=\"og:title\" content=\"BIOGRAFIA (PORTUGU\u00caS) - Madre Mar\u00eda F\u00e9lix Torres\" \/>\n<meta property=\"og:description\" content=\"BIOGRAFIAMar\u00eda Felix nasceu no dia 25 de agosto de 1907 na cidade de Albelda (Huesca, Espanha). Seus pais, Dom Ram\u00f3n e Dona Florentina, estavam preocupados em que ela recebesse uma boa educa\u00e7\u00e3o, e por isso cursou o segundo grau como aluna interna na escola da Companhia de Maria, em Lleida. L\u00e1, aos 14 anos, viveu [&hellip;]\" \/>\n<meta property=\"og:url\" content=\"https:\/\/www.mariafelix.org\/pt-br\/biografia-portugues\/\" \/>\n<meta property=\"og:site_name\" content=\"Madre Mar\u00eda F\u00e9lix Torres\" \/>\n<meta property=\"article:modified_time\" content=\"2023-11-14T12:59:32+00:00\" \/>\n<meta name=\"twitter:card\" content=\"summary_large_image\" \/>\n<script type=\"application\/ld+json\" class=\"yoast-schema-graph\">{\"@context\":\"https:\/\/schema.org\",\"@graph\":[{\"@type\":\"WebPage\",\"@id\":\"https:\/\/www.mariafelix.org\/pt-br\/biografia-portugues\/\",\"url\":\"https:\/\/www.mariafelix.org\/pt-br\/biografia-portugues\/\",\"name\":\"BIOGRAFIA (PORTUGU\u00caS) - Madre Mar\u00eda F\u00e9lix Torres\",\"isPartOf\":{\"@id\":\"https:\/\/www.mariafelix.org\/pt-br\/#website\"},\"datePublished\":\"2023-11-08T19:31:38+00:00\",\"dateModified\":\"2023-11-14T12:59:32+00:00\",\"inLanguage\":\"pt-BR\",\"potentialAction\":[{\"@type\":\"ReadAction\",\"target\":[\"https:\/\/www.mariafelix.org\/pt-br\/biografia-portugues\/\"]}]},{\"@type\":\"WebSite\",\"@id\":\"https:\/\/www.mariafelix.org\/pt-br\/#website\",\"url\":\"https:\/\/www.mariafelix.org\/pt-br\/\",\"name\":\"Madre Mar\u00eda F\u00e9lix Torres\",\"description\":\"Madre Mar\u00eda F\u00e9lix Torres\",\"potentialAction\":[{\"@type\":\"SearchAction\",\"target\":{\"@type\":\"EntryPoint\",\"urlTemplate\":\"https:\/\/www.mariafelix.org\/pt-br\/?s={search_term_string}\"},\"query-input\":{\"@type\":\"PropertyValueSpecification\",\"valueRequired\":true,\"valueName\":\"search_term_string\"}}],\"inLanguage\":\"pt-BR\"}]}<\/script>\n<!-- \/ Yoast SEO plugin. -->","yoast_head_json":{"title":"BIOGRAFIA (PORTUGU\u00caS) - Madre Mar\u00eda F\u00e9lix Torres","robots":{"index":"index","follow":"follow","max-snippet":"max-snippet:-1","max-image-preview":"max-image-preview:large","max-video-preview":"max-video-preview:-1"},"canonical":"https:\/\/www.mariafelix.org\/pt-br\/biografia-portugues\/","og_locale":"pt_BR","og_type":"article","og_title":"BIOGRAFIA (PORTUGU\u00caS) - Madre Mar\u00eda F\u00e9lix Torres","og_description":"BIOGRAFIAMar\u00eda Felix nasceu no dia 25 de agosto de 1907 na cidade de Albelda (Huesca, Espanha). Seus pais, Dom Ram\u00f3n e Dona Florentina, estavam preocupados em que ela recebesse uma boa educa\u00e7\u00e3o, e por isso cursou o segundo grau como aluna interna na escola da Companhia de Maria, em Lleida. L\u00e1, aos 14 anos, viveu [&hellip;]","og_url":"https:\/\/www.mariafelix.org\/pt-br\/biografia-portugues\/","og_site_name":"Madre Mar\u00eda F\u00e9lix Torres","article_modified_time":"2023-11-14T12:59:32+00:00","twitter_card":"summary_large_image","schema":{"@context":"https:\/\/schema.org","@graph":[{"@type":"WebPage","@id":"https:\/\/www.mariafelix.org\/pt-br\/biografia-portugues\/","url":"https:\/\/www.mariafelix.org\/pt-br\/biografia-portugues\/","name":"BIOGRAFIA (PORTUGU\u00caS) - Madre Mar\u00eda F\u00e9lix Torres","isPartOf":{"@id":"https:\/\/www.mariafelix.org\/pt-br\/#website"},"datePublished":"2023-11-08T19:31:38+00:00","dateModified":"2023-11-14T12:59:32+00:00","inLanguage":"pt-BR","potentialAction":[{"@type":"ReadAction","target":["https:\/\/www.mariafelix.org\/pt-br\/biografia-portugues\/"]}]},{"@type":"WebSite","@id":"https:\/\/www.mariafelix.org\/pt-br\/#website","url":"https:\/\/www.mariafelix.org\/pt-br\/","name":"Madre Mar\u00eda F\u00e9lix Torres","description":"Madre Mar\u00eda F\u00e9lix Torres","potentialAction":[{"@type":"SearchAction","target":{"@type":"EntryPoint","urlTemplate":"https:\/\/www.mariafelix.org\/pt-br\/?s={search_term_string}"},"query-input":{"@type":"PropertyValueSpecification","valueRequired":true,"valueName":"search_term_string"}}],"inLanguage":"pt-BR"}]}},"_links":{"self":[{"href":"https:\/\/www.mariafelix.org\/pt-br\/wp-json\/wp\/v2\/pages\/18183","targetHints":{"allow":["GET"]}}],"collection":[{"href":"https:\/\/www.mariafelix.org\/pt-br\/wp-json\/wp\/v2\/pages"}],"about":[{"href":"https:\/\/www.mariafelix.org\/pt-br\/wp-json\/wp\/v2\/types\/page"}],"author":[{"embeddable":true,"href":"https:\/\/www.mariafelix.org\/pt-br\/wp-json\/wp\/v2\/users\/1"}],"replies":[{"embeddable":true,"href":"https:\/\/www.mariafelix.org\/pt-br\/wp-json\/wp\/v2\/comments?post=18183"}],"version-history":[{"count":0,"href":"https:\/\/www.mariafelix.org\/pt-br\/wp-json\/wp\/v2\/pages\/18183\/revisions"}],"wp:attachment":[{"href":"https:\/\/www.mariafelix.org\/pt-br\/wp-json\/wp\/v2\/media?parent=18183"}],"curies":[{"name":"wp","href":"https:\/\/api.w.org\/{rel}","templated":true}]}}